{"id":161771,"date":"2025-12-09T12:48:59","date_gmt":"2025-12-09T11:48:59","guid":{"rendered":"https:\/\/www.ernstbrunn-apotheke.at\/katalog\/produkt\/fertilovit-kapseln-90-stk-f-35\/"},"modified":"2025-12-09T12:49:12","modified_gmt":"2025-12-09T11:49:12","slug":"fertilovit-kapseln-90-stk-f-35","status":"publish","type":"product","link":"https:\/\/www.ernstbrunn-apotheke.at\/katalog\/produkt\/fertilovit-kapseln-90-stk-f-35\/","title":{"rendered":"Fertilovit Kapseln 90 Stk. F 35+"},"content":{"rendered":"<p>Fertilovit\u00ae F 35plus ist ein Nahrungserg\u00e4nzungsmittel, das speziell auf die Bed\u00fcrfnisse von Frauen ab 35 mit Kinderwunsch zugeschnitten ist. Es enth\u00e4lt hochdosierte Fols\u00e4ure in Kombination mit einer Rundumversorgung mit allen wichtigen Vitaminen und Mineralstoffen. F\u00fcr optimalen Schutz vor oxidativem Stress sorgt Vitamin C mit zeitverz\u00f6gerter Freisetzung. Zus\u00e4tzlich enth\u00e4lt es Coenzym Q10 f\u00fcr eine Unterst\u00fctzung der zellul\u00e4ren Energiebereitstellung\u00b4.<\/p>\n","protected":false},"excerpt":{"rendered":"<p>Fertilovit\u00ae F 35plus ist ein Nahrungserg\u00e4nzungsmittel, das speziell auf die Bed\u00fcrfnisse von Frauen ab 35 mit Kinderwunsch zugeschnitten ist. Es enth\u00e4lt hochdosierte Fols\u00e4ure in Kombination mit einer Rundumversorgung mit allen wichtigen Vitaminen und Mineralstoffen. F\u00fcr optimalen Schutz vor oxidativem Stress sorgt Vitamin C mit zeitverz\u00f6gerter Freisetzung. Zus\u00e4tzlich enth\u00e4lt es Coenzym Q10 f\u00fcr eine Unterst\u00fctzung der [&hellip;]<\/p>\n","protected":false},"featured_media":161773,"template":"","meta":{"_acf_changed":false},"product_brand":[],"product_cat":[809],"product_tag":[],"class_list":{"0":"post-161771","1":"product","2":"type-product","3":"status-publish","4":"has-post-thumbnail","6":"product_cat-f","7":"pa_packungsgroesse-90-stueck","9":"first","10":"instock","11":"shipping-taxable","12":"purchasable","13":"product-type-simple"},"acf":[],"_links":{"self":[{"href":"https:\/\/www.ernstbrunn-apotheke.at\/katalog\/wp-json\/wp\/v2\/product\/161771","targetHints":{"allow":["GET"]}}],"collection":[{"href":"https:\/\/www.ernstbrunn-apotheke.at\/katalog\/wp-json\/wp\/v2\/product"}],"about":[{"href":"https:\/\/www.ernstbrunn-apotheke.at\/katalog\/wp-json\/wp\/v2\/types\/product"}],"wp:featuredmedia":[{"embeddable":true,"href":"https:\/\/www.ernstbrunn-apotheke.at\/katalog\/wp-json\/wp\/v2\/media\/161773"}],"wp:attachment":[{"href":"https:\/\/www.ernstbrunn-apotheke.at\/katalog\/wp-json\/wp\/v2\/media?parent=161771"}],"wp:term":[{"taxonomy":"product_brand","embeddable":true,"href":"https:\/\/www.ernstbrunn-apotheke.at\/katalog\/wp-json\/wp\/v2\/product_brand?post=161771"},{"taxonomy":"product_cat","embeddable":true,"href":"https:\/\/www.ernstbrunn-apotheke.at\/katalog\/wp-json\/wp\/v2\/product_cat?post=161771"},{"taxonomy":"product_tag","embeddable":true,"href":"https:\/\/www.ernstbrunn-apotheke.at\/katalog\/wp-json\/wp\/v2\/product_tag?post=161771"}],"curies":[{"name":"wp","href":"https:\/\/api.w.org\/{rel}","templated":true}]}}