{"id":161761,"date":"2025-12-09T12:48:36","date_gmt":"2025-12-09T11:48:36","guid":{"rendered":"https:\/\/www.ernstbrunn-apotheke.at\/katalog\/produkt\/lysin-hcl-500mg-kapseln-2\/"},"modified":"2025-12-09T12:49:00","modified_gmt":"2025-12-09T11:49:00","slug":"lysin-hcl-500mg-kapseln-2","status":"publish","type":"product","link":"https:\/\/www.ernstbrunn-apotheke.at\/katalog\/produkt\/lysin-hcl-500mg-kapseln-2\/","title":{"rendered":"Lysin HCl 500mg Kapseln"},"content":{"rendered":"<p>Gall Pharma Lysin HCl 500 mg Kapseln 250 Stk. unterst\u00fctzen die Wundheilung, st\u00e4rken die k\u00f6rperliche Abwehr und insbesonders f\u00f6rdern sie die Fieberblasenheilung (Herpes simplex) und ist bedeutend f\u00fcr die Energiebereitstellung. In Kombination mit Vitamin C hat L-Lysin Bedeutung in der Verhinderung von Gef\u00e4\u00dfverkalkungen &#8211; als Standortapotheke bieten wir Ihnen 100 % Sicherheit und ausschlie\u00dflich Originalprodukte!<\/p>\n","protected":false},"excerpt":{"rendered":"<p>Gall Pharma Lysin HCl 500 mg Kapseln 250 Stk. unterst\u00fctzen die Wundheilung, st\u00e4rken die k\u00f6rperliche Abwehr und insbesonders f\u00f6rdern sie die Fieberblasenheilung (Herpes simplex) und ist bedeutend f\u00fcr die Energiebereitstellung. In Kombination mit Vitamin C hat L-Lysin Bedeutung in der Verhinderung von Gef\u00e4\u00dfverkalkungen &#8211; als Standortapotheke bieten wir Ihnen 100 % Sicherheit und ausschlie\u00dflich Originalprodukte!<\/p>\n","protected":false},"featured_media":161763,"template":"","meta":{"_acf_changed":false},"product_brand":[371],"product_cat":[795],"product_tag":[],"class_list":{"0":"post-161761","1":"product","2":"type-product","3":"status-publish","4":"has-post-thumbnail","6":"product_brand-gall-pharma","7":"product_cat-l","8":"pa_packungsgroesse-250-stueck","10":"first","11":"instock","12":"shipping-taxable","13":"purchasable","14":"product-type-simple"},"acf":[],"_links":{"self":[{"href":"https:\/\/www.ernstbrunn-apotheke.at\/katalog\/wp-json\/wp\/v2\/product\/161761","targetHints":{"allow":["GET"]}}],"collection":[{"href":"https:\/\/www.ernstbrunn-apotheke.at\/katalog\/wp-json\/wp\/v2\/product"}],"about":[{"href":"https:\/\/www.ernstbrunn-apotheke.at\/katalog\/wp-json\/wp\/v2\/types\/product"}],"wp:featuredmedia":[{"embeddable":true,"href":"https:\/\/www.ernstbrunn-apotheke.at\/katalog\/wp-json\/wp\/v2\/media\/161763"}],"wp:attachment":[{"href":"https:\/\/www.ernstbrunn-apotheke.at\/katalog\/wp-json\/wp\/v2\/media?parent=161761"}],"wp:term":[{"taxonomy":"product_brand","embeddable":true,"href":"https:\/\/www.ernstbrunn-apotheke.at\/katalog\/wp-json\/wp\/v2\/product_brand?post=161761"},{"taxonomy":"product_cat","embeddable":true,"href":"https:\/\/www.ernstbrunn-apotheke.at\/katalog\/wp-json\/wp\/v2\/product_cat?post=161761"},{"taxonomy":"product_tag","embeddable":true,"href":"https:\/\/www.ernstbrunn-apotheke.at\/katalog\/wp-json\/wp\/v2\/product_tag?post=161761"}],"curies":[{"name":"wp","href":"https:\/\/api.w.org\/{rel}","templated":true}]}}