{"id":161721,"date":"2025-12-09T12:43:14","date_gmt":"2025-12-09T11:43:14","guid":{"rendered":"https:\/\/www.ernstbrunn-apotheke.at\/katalog\/produkt\/bittschwamms-ionen-narben-balsam-20-g\/"},"modified":"2025-12-09T12:43:25","modified_gmt":"2025-12-09T11:43:25","slug":"bittschwamms-ionen-narben-balsam-20-g","status":"publish","type":"product","link":"https:\/\/www.ernstbrunn-apotheke.at\/katalog\/produkt\/bittschwamms-ionen-narben-balsam-20-g\/","title":{"rendered":"Bittschwamms Ionen Narben Balsam 20 g"},"content":{"rendered":"<p>Bittschwamms Ionen Narben Balsam ist eine Kombination aus Ionen, Johanniskraut\u00f6l und einem Ringelblumenextrakt, welche zusammen mit dem \u00e4therischen \u00d6l der Rosengeranie den Wirkstoffkomplex dieses Ionen-Pflegebalsames bildet. Durch die Anwendung werden vernarbte Hautstellen weicher und f\u00fchlbar glatter.<\/p>\n","protected":false},"excerpt":{"rendered":"<p>Bittschwamms Ionen Narben Balsam ist eine Kombination aus Ionen, Johanniskraut\u00f6l und einem Ringelblumenextrakt, welche zusammen mit dem \u00e4therischen \u00d6l der Rosengeranie den Wirkstoffkomplex dieses Ionen-Pflegebalsames bildet. Durch die Anwendung werden vernarbte Hautstellen weicher und f\u00fchlbar glatter.<\/p>\n","protected":false},"featured_media":161723,"template":"","meta":{"_acf_changed":false},"product_brand":[],"product_cat":[802],"product_tag":[],"class_list":{"0":"post-161721","1":"product","2":"type-product","3":"status-publish","4":"has-post-thumbnail","6":"product_cat-b","7":"pa_packungsgroesse-20g","9":"first","10":"instock","11":"shipping-taxable","12":"purchasable","13":"product-type-simple"},"acf":[],"_links":{"self":[{"href":"https:\/\/www.ernstbrunn-apotheke.at\/katalog\/wp-json\/wp\/v2\/product\/161721","targetHints":{"allow":["GET"]}}],"collection":[{"href":"https:\/\/www.ernstbrunn-apotheke.at\/katalog\/wp-json\/wp\/v2\/product"}],"about":[{"href":"https:\/\/www.ernstbrunn-apotheke.at\/katalog\/wp-json\/wp\/v2\/types\/product"}],"wp:featuredmedia":[{"embeddable":true,"href":"https:\/\/www.ernstbrunn-apotheke.at\/katalog\/wp-json\/wp\/v2\/media\/161723"}],"wp:attachment":[{"href":"https:\/\/www.ernstbrunn-apotheke.at\/katalog\/wp-json\/wp\/v2\/media?parent=161721"}],"wp:term":[{"taxonomy":"product_brand","embeddable":true,"href":"https:\/\/www.ernstbrunn-apotheke.at\/katalog\/wp-json\/wp\/v2\/product_brand?post=161721"},{"taxonomy":"product_cat","embeddable":true,"href":"https:\/\/www.ernstbrunn-apotheke.at\/katalog\/wp-json\/wp\/v2\/product_cat?post=161721"},{"taxonomy":"product_tag","embeddable":true,"href":"https:\/\/www.ernstbrunn-apotheke.at\/katalog\/wp-json\/wp\/v2\/product_tag?post=161721"}],"curies":[{"name":"wp","href":"https:\/\/api.w.org\/{rel}","templated":true}]}}