{"id":161631,"date":"2025-12-09T10:21:47","date_gmt":"2025-12-09T09:21:47","guid":{"rendered":"https:\/\/www.ernstbrunn-apotheke.at\/katalog\/?post_type=product&#038;p=161631"},"modified":"2025-12-09T10:21:47","modified_gmt":"2025-12-09T09:21:47","slug":"prontoderm-gel-nasal-tube-30-ml","status":"publish","type":"product","link":"https:\/\/www.ernstbrunn-apotheke.at\/katalog\/produkt\/prontoderm-gel-nasal-tube-30-ml\/","title":{"rendered":"Prontoderm Gel Nasal Tube 30 ml"},"content":{"rendered":"<p>Prontoderm Gel Nasal Tube dient zur Reinigung und Dekolonisation der Nasenvorh\u00f6fe bei MRE. Das strukturviskoses Gel ist leicht in die Nasenvorh\u00f6fe zu applizieren und flie\u00dft nicht weg. Dieses Gel zeichnet sich durch eine sehr gute Schleimhautvertr\u00e4glichkeit aus.<\/p>\n","protected":false},"excerpt":{"rendered":"<p>Prontoderm Gel Nasal Tube dient zur Reinigung und Dekolonisation der Nasenvorh\u00f6fe bei MRE. Das strukturviskoses Gel ist leicht in die Nasenvorh\u00f6fe zu applizieren und flie\u00dft nicht weg. Dieses Gel zeichnet sich durch eine sehr gute Schleimhautvertr\u00e4glichkeit aus.<\/p>\n","protected":false},"featured_media":0,"template":"","meta":{"_acf_changed":false},"product_brand":[],"product_cat":[793],"product_tag":[],"class_list":{"0":"post-161631","1":"product","2":"type-product","3":"status-publish","5":"product_cat-p","6":"pa_packungsgroesse-30ml","8":"first","9":"instock","10":"shipping-taxable","11":"purchasable","12":"product-type-simple"},"acf":[],"_links":{"self":[{"href":"https:\/\/www.ernstbrunn-apotheke.at\/katalog\/wp-json\/wp\/v2\/product\/161631","targetHints":{"allow":["GET"]}}],"collection":[{"href":"https:\/\/www.ernstbrunn-apotheke.at\/katalog\/wp-json\/wp\/v2\/product"}],"about":[{"href":"https:\/\/www.ernstbrunn-apotheke.at\/katalog\/wp-json\/wp\/v2\/types\/product"}],"wp:attachment":[{"href":"https:\/\/www.ernstbrunn-apotheke.at\/katalog\/wp-json\/wp\/v2\/media?parent=161631"}],"wp:term":[{"taxonomy":"product_brand","embeddable":true,"href":"https:\/\/www.ernstbrunn-apotheke.at\/katalog\/wp-json\/wp\/v2\/product_brand?post=161631"},{"taxonomy":"product_cat","embeddable":true,"href":"https:\/\/www.ernstbrunn-apotheke.at\/katalog\/wp-json\/wp\/v2\/product_cat?post=161631"},{"taxonomy":"product_tag","embeddable":true,"href":"https:\/\/www.ernstbrunn-apotheke.at\/katalog\/wp-json\/wp\/v2\/product_tag?post=161631"}],"curies":[{"name":"wp","href":"https:\/\/api.w.org\/{rel}","templated":true}]}}