{"id":161628,"date":"2025-12-09T10:19:50","date_gmt":"2025-12-09T09:19:50","guid":{"rendered":"https:\/\/www.ernstbrunn-apotheke.at\/katalog\/?post_type=product&#038;p=161628"},"modified":"2025-12-09T10:19:51","modified_gmt":"2025-12-09T09:19:51","slug":"rms-petrasch-tropfen-100-ml","status":"publish","type":"product","link":"https:\/\/www.ernstbrunn-apotheke.at\/katalog\/produkt\/rms-petrasch-tropfen-100-ml\/","title":{"rendered":"RMS Petrasch Tropfen 100 ml"},"content":{"rendered":"<p>RMS Petrasch Tropfen werden zur unterst\u00fctzenden Behandlung bei Hautkrankheiten eingesetzt, die verschiedene Ursachen haben k\u00f6nnen (Schuppenflechte, Akne usw.). Zudem k\u00f6nnen sie als Mundsp\u00fclung verwendet werden, um Karies und Plaquebefall zu reduzieren.<\/p>\n","protected":false},"excerpt":{"rendered":"<p>RMS Petrasch Tropfen werden zur unterst\u00fctzenden Behandlung bei Hautkrankheiten eingesetzt, die verschiedene Ursachen haben k\u00f6nnen (Schuppenflechte, Akne usw.). Zudem k\u00f6nnen sie als Mundsp\u00fclung verwendet werden, um Karies und Plaquebefall zu reduzieren.<\/p>\n","protected":false},"featured_media":0,"template":"","meta":{"_acf_changed":false},"product_brand":[579],"product_cat":[808],"product_tag":[],"class_list":{"0":"post-161628","1":"product","2":"type-product","3":"status-publish","5":"product_brand-petrasch","6":"product_cat-r","7":"pa_packungsgroesse-100ml","9":"first","10":"instock","11":"shipping-taxable","12":"purchasable","13":"product-type-simple"},"acf":[],"_links":{"self":[{"href":"https:\/\/www.ernstbrunn-apotheke.at\/katalog\/wp-json\/wp\/v2\/product\/161628","targetHints":{"allow":["GET"]}}],"collection":[{"href":"https:\/\/www.ernstbrunn-apotheke.at\/katalog\/wp-json\/wp\/v2\/product"}],"about":[{"href":"https:\/\/www.ernstbrunn-apotheke.at\/katalog\/wp-json\/wp\/v2\/types\/product"}],"wp:attachment":[{"href":"https:\/\/www.ernstbrunn-apotheke.at\/katalog\/wp-json\/wp\/v2\/media?parent=161628"}],"wp:term":[{"taxonomy":"product_brand","embeddable":true,"href":"https:\/\/www.ernstbrunn-apotheke.at\/katalog\/wp-json\/wp\/v2\/product_brand?post=161628"},{"taxonomy":"product_cat","embeddable":true,"href":"https:\/\/www.ernstbrunn-apotheke.at\/katalog\/wp-json\/wp\/v2\/product_cat?post=161628"},{"taxonomy":"product_tag","embeddable":true,"href":"https:\/\/www.ernstbrunn-apotheke.at\/katalog\/wp-json\/wp\/v2\/product_tag?post=161628"}],"curies":[{"name":"wp","href":"https:\/\/api.w.org\/{rel}","templated":true}]}}