{"id":161625,"date":"2025-12-09T09:46:33","date_gmt":"2025-12-09T08:46:33","guid":{"rendered":"https:\/\/www.ernstbrunn-apotheke.at\/katalog\/?post_type=product&#038;p=161625"},"modified":"2025-12-09T09:46:33","modified_gmt":"2025-12-09T08:46:33","slug":"tanno-hermal-creme-50-g","status":"publish","type":"product","link":"https:\/\/www.ernstbrunn-apotheke.at\/katalog\/produkt\/tanno-hermal-creme-50-g\/","title":{"rendered":"Tanno Hermal Creme 50 g"},"content":{"rendered":"<p>Tanno Hermal Creme stabilisiert aufgrund der adstringierenden, gerbenden und schorfbildenden Wirkung von Gerbstoff die Hautbarriere. Zus\u00e4tzlich wirkt sie entz\u00fcndungshemmend und juckreizlindernd. Die Creme ist bestens zur Anwendung bei entz\u00fcndeten oder juckenden Hauterkrankungen geeignet.<\/p>\n","protected":false},"excerpt":{"rendered":"<p>Tanno Hermal Creme stabilisiert aufgrund der adstringierenden, gerbenden und schorfbildenden Wirkung von Gerbstoff die Hautbarriere. Zus\u00e4tzlich wirkt sie entz\u00fcndungshemmend und juckreizlindernd. Die Creme ist bestens zur Anwendung bei entz\u00fcndeten oder juckenden Hauterkrankungen geeignet.<\/p>\n","protected":false},"featured_media":0,"template":"","meta":{"_acf_changed":false},"product_brand":[],"product_cat":[798],"product_tag":[],"class_list":{"0":"post-161625","1":"product","2":"type-product","3":"status-publish","5":"product_cat-t","6":"pa_packungsgroesse-50g","8":"first","9":"instock","10":"shipping-taxable","11":"purchasable","12":"product-type-simple"},"acf":[],"_links":{"self":[{"href":"https:\/\/www.ernstbrunn-apotheke.at\/katalog\/wp-json\/wp\/v2\/product\/161625","targetHints":{"allow":["GET"]}}],"collection":[{"href":"https:\/\/www.ernstbrunn-apotheke.at\/katalog\/wp-json\/wp\/v2\/product"}],"about":[{"href":"https:\/\/www.ernstbrunn-apotheke.at\/katalog\/wp-json\/wp\/v2\/types\/product"}],"wp:attachment":[{"href":"https:\/\/www.ernstbrunn-apotheke.at\/katalog\/wp-json\/wp\/v2\/media?parent=161625"}],"wp:term":[{"taxonomy":"product_brand","embeddable":true,"href":"https:\/\/www.ernstbrunn-apotheke.at\/katalog\/wp-json\/wp\/v2\/product_brand?post=161625"},{"taxonomy":"product_cat","embeddable":true,"href":"https:\/\/www.ernstbrunn-apotheke.at\/katalog\/wp-json\/wp\/v2\/product_cat?post=161625"},{"taxonomy":"product_tag","embeddable":true,"href":"https:\/\/www.ernstbrunn-apotheke.at\/katalog\/wp-json\/wp\/v2\/product_tag?post=161625"}],"curies":[{"name":"wp","href":"https:\/\/api.w.org\/{rel}","templated":true}]}}