{"id":161624,"date":"2025-12-09T09:45:55","date_gmt":"2025-12-09T08:45:55","guid":{"rendered":"https:\/\/www.ernstbrunn-apotheke.at\/katalog\/?post_type=product&#038;p=161624"},"modified":"2025-12-09T09:45:55","modified_gmt":"2025-12-09T08:45:55","slug":"balneum-duschoel-200-ml","status":"publish","type":"product","link":"https:\/\/www.ernstbrunn-apotheke.at\/katalog\/produkt\/balneum-duschoel-200-ml\/","title":{"rendered":"Balneum Dusch\u00f6l 200 ml"},"content":{"rendered":"<p>Balneum Dusch\u00f6l baut beim Duschen den S\u00e4ureschutzmantel der Haut mit Hilfe sorgf\u00e4ltig hergestellter und schonend gewonnener \u00d6le wieder auf und machet die Haut so robuster und weniger anf\u00e4llig. Auch bei Hauterkrankungen wie Neurodermitis und Schuppenflechten eignet sich die Anwendung dieses Produktes bestens.<\/p>\n","protected":false},"excerpt":{"rendered":"<p>Balneum Dusch\u00f6l baut beim Duschen den S\u00e4ureschutzmantel der Haut mit Hilfe sorgf\u00e4ltig hergestellter und schonend gewonnener \u00d6le wieder auf und machet die Haut so robuster und weniger anf\u00e4llig. Auch bei Hauterkrankungen wie Neurodermitis und Schuppenflechten eignet sich die Anwendung dieses Produktes bestens.<\/p>\n","protected":false},"featured_media":0,"template":"","meta":{"_acf_changed":false},"product_brand":[],"product_cat":[802],"product_tag":[],"class_list":{"0":"post-161624","1":"product","2":"type-product","3":"status-publish","5":"product_cat-b","6":"pa_packungsgroesse-200ml","8":"first","9":"instock","10":"shipping-taxable","11":"purchasable","12":"product-type-simple"},"acf":[],"_links":{"self":[{"href":"https:\/\/www.ernstbrunn-apotheke.at\/katalog\/wp-json\/wp\/v2\/product\/161624","targetHints":{"allow":["GET"]}}],"collection":[{"href":"https:\/\/www.ernstbrunn-apotheke.at\/katalog\/wp-json\/wp\/v2\/product"}],"about":[{"href":"https:\/\/www.ernstbrunn-apotheke.at\/katalog\/wp-json\/wp\/v2\/types\/product"}],"wp:attachment":[{"href":"https:\/\/www.ernstbrunn-apotheke.at\/katalog\/wp-json\/wp\/v2\/media?parent=161624"}],"wp:term":[{"taxonomy":"product_brand","embeddable":true,"href":"https:\/\/www.ernstbrunn-apotheke.at\/katalog\/wp-json\/wp\/v2\/product_brand?post=161624"},{"taxonomy":"product_cat","embeddable":true,"href":"https:\/\/www.ernstbrunn-apotheke.at\/katalog\/wp-json\/wp\/v2\/product_cat?post=161624"},{"taxonomy":"product_tag","embeddable":true,"href":"https:\/\/www.ernstbrunn-apotheke.at\/katalog\/wp-json\/wp\/v2\/product_tag?post=161624"}],"curies":[{"name":"wp","href":"https:\/\/api.w.org\/{rel}","templated":true}]}}