{"id":161622,"date":"2025-12-09T09:44:42","date_gmt":"2025-12-09T08:44:42","guid":{"rendered":"https:\/\/www.ernstbrunn-apotheke.at\/katalog\/?post_type=product&#038;p=161622"},"modified":"2025-12-09T09:44:43","modified_gmt":"2025-12-09T08:44:43","slug":"oekopharm-wechseljahre-kapseln","status":"publish","type":"product","link":"https:\/\/www.ernstbrunn-apotheke.at\/katalog\/produkt\/oekopharm-wechseljahre-kapseln\/","title":{"rendered":"\u00d6kopharm Wechseljahre Kapseln"},"content":{"rendered":"<p>Die \u00d6kopharm\u00ae Wirkkombination f\u00fcr die Wechseljahre unterst\u00fctzt dich mit wichtigen Vitaminen, Spurenelementen und Salbei-Extrakt. Diese speziell entwickelten Kapseln helfen, das k\u00f6rperliche Wohlbefinden w\u00e4hrend der Wechseljahre zu f\u00f6rdern. Mit einer gezielten Mischung aus essenziellen N\u00e4hrstoffen unterst\u00fctzen sie deine Gesundheit und helfen dir, diese besondere Lebensphase ausgeglichen und vital zu erleben.<\/p>\n<p>&#13;<\/p>\n<p>&#8211; Die Wechseljahre* Kapseln von \u00d6KOPHARM\u00ae unterst\u00fctzen dein k\u00f6rperliches Wohlbefinden in den Wechseljahren.<br \/>&#8211; Vitamin B6 f\u00f6rdert die hormonelle Balance, w\u00e4hrend Biotin und Niacin die normale psychische Funktion unterst\u00fctzen.<br \/>&#8211; Kalzium und Vitamin D tragen zum Erhalt normaler Knochen bei, erg\u00e4nzt durch Phyto-Panmol\u00ae-Calcium 100.<\/p>\n","protected":false},"excerpt":{"rendered":"<p>Die \u00d6kopharm\u00ae Wirkkombination f\u00fcr die Wechseljahre unterst\u00fctzt dich mit wichtigen Vitaminen, Spurenelementen und Salbei-Extrakt. Diese speziell entwickelten Kapseln helfen, das k\u00f6rperliche Wohlbefinden w\u00e4hrend der Wechseljahre zu f\u00f6rdern. Mit einer gezielten Mischung aus essenziellen N\u00e4hrstoffen unterst\u00fctzen sie deine Gesundheit und helfen dir, diese besondere Lebensphase ausgeglichen und vital zu erleben. &#13; &#8211; Die Wechseljahre* Kapseln von [&hellip;]<\/p>\n","protected":false},"featured_media":0,"template":"","meta":{"_acf_changed":false},"product_brand":[357],"product_cat":[801],"product_tag":[],"class_list":{"0":"post-161622","1":"product","2":"type-product","3":"status-publish","5":"product_brand-oekopharm","6":"product_cat-a","7":"pa_packungsgroesse-120-stueck","9":"first","10":"instock","11":"shipping-taxable","12":"purchasable","13":"product-type-simple"},"acf":[],"_links":{"self":[{"href":"https:\/\/www.ernstbrunn-apotheke.at\/katalog\/wp-json\/wp\/v2\/product\/161622","targetHints":{"allow":["GET"]}}],"collection":[{"href":"https:\/\/www.ernstbrunn-apotheke.at\/katalog\/wp-json\/wp\/v2\/product"}],"about":[{"href":"https:\/\/www.ernstbrunn-apotheke.at\/katalog\/wp-json\/wp\/v2\/types\/product"}],"wp:attachment":[{"href":"https:\/\/www.ernstbrunn-apotheke.at\/katalog\/wp-json\/wp\/v2\/media?parent=161622"}],"wp:term":[{"taxonomy":"product_brand","embeddable":true,"href":"https:\/\/www.ernstbrunn-apotheke.at\/katalog\/wp-json\/wp\/v2\/product_brand?post=161622"},{"taxonomy":"product_cat","embeddable":true,"href":"https:\/\/www.ernstbrunn-apotheke.at\/katalog\/wp-json\/wp\/v2\/product_cat?post=161622"},{"taxonomy":"product_tag","embeddable":true,"href":"https:\/\/www.ernstbrunn-apotheke.at\/katalog\/wp-json\/wp\/v2\/product_tag?post=161622"}],"curies":[{"name":"wp","href":"https:\/\/api.w.org\/{rel}","templated":true}]}}