{"id":161621,"date":"2025-12-09T09:37:02","date_gmt":"2025-12-09T08:37:02","guid":{"rendered":"https:\/\/www.ernstbrunn-apotheke.at\/katalog\/?post_type=product&#038;p=161621"},"modified":"2025-12-09T09:37:02","modified_gmt":"2025-12-09T08:37:02","slug":"balneum-hermal-f-badezusatz-staerker-fettend","status":"publish","type":"product","link":"https:\/\/www.ernstbrunn-apotheke.at\/katalog\/produkt\/balneum-hermal-f-badezusatz-staerker-fettend\/","title":{"rendered":"Balneum Hermal F Badezusatz (st\u00e4rker fettend)"},"content":{"rendered":"<p>BALNEUM HERMAL Badezusatz ist ein medizinisches \u00d6lbad zur Behandlung trockener und schuppender Hautver\u00e4nderungen. Der angenehme \u00d6lfilm macht die Haut wieder elastisch und sch\u00fctzt sie vor Feuchtigkeitsverlusten.<\/p>\n","protected":false},"excerpt":{"rendered":"<p>BALNEUM HERMAL Badezusatz ist ein medizinisches \u00d6lbad zur Behandlung trockener und schuppender Hautver\u00e4nderungen. Der angenehme \u00d6lfilm macht die Haut wieder elastisch und sch\u00fctzt sie vor Feuchtigkeitsverlusten.<\/p>\n","protected":false},"featured_media":0,"template":"","meta":{"_acf_changed":false},"product_brand":[],"product_cat":[802],"product_tag":[],"class_list":{"0":"post-161621","1":"product","2":"type-product","3":"status-publish","5":"product_cat-b","6":"pa_packungsgroesse-1l","8":"first","9":"instock","10":"shipping-taxable","11":"purchasable","12":"product-type-simple"},"acf":[],"_links":{"self":[{"href":"https:\/\/www.ernstbrunn-apotheke.at\/katalog\/wp-json\/wp\/v2\/product\/161621","targetHints":{"allow":["GET"]}}],"collection":[{"href":"https:\/\/www.ernstbrunn-apotheke.at\/katalog\/wp-json\/wp\/v2\/product"}],"about":[{"href":"https:\/\/www.ernstbrunn-apotheke.at\/katalog\/wp-json\/wp\/v2\/types\/product"}],"wp:attachment":[{"href":"https:\/\/www.ernstbrunn-apotheke.at\/katalog\/wp-json\/wp\/v2\/media?parent=161621"}],"wp:term":[{"taxonomy":"product_brand","embeddable":true,"href":"https:\/\/www.ernstbrunn-apotheke.at\/katalog\/wp-json\/wp\/v2\/product_brand?post=161621"},{"taxonomy":"product_cat","embeddable":true,"href":"https:\/\/www.ernstbrunn-apotheke.at\/katalog\/wp-json\/wp\/v2\/product_cat?post=161621"},{"taxonomy":"product_tag","embeddable":true,"href":"https:\/\/www.ernstbrunn-apotheke.at\/katalog\/wp-json\/wp\/v2\/product_tag?post=161621"}],"curies":[{"name":"wp","href":"https:\/\/api.w.org\/{rel}","templated":true}]}}