{"id":161618,"date":"2025-12-09T09:34:22","date_gmt":"2025-12-09T08:34:22","guid":{"rendered":"https:\/\/www.ernstbrunn-apotheke.at\/katalog\/?post_type=product&#038;p=161618"},"modified":"2025-12-09T09:34:23","modified_gmt":"2025-12-09T08:34:23","slug":"bionect-creme-30-g","status":"publish","type":"product","link":"https:\/\/www.ernstbrunn-apotheke.at\/katalog\/produkt\/bionect-creme-30-g\/","title":{"rendered":"BIONECT Creme 30 g"},"content":{"rendered":"<p>BIONECT Creme ist eine topische Zubereitung, ihr Hauptbestandteil ist Hyalurons\u00e4ure. Hyalurons\u00e4ure ist ein nat\u00fcrlich vorkommendes Polysaccharid (Glykosaminoglykan), das in der extrazellul\u00e4ren Matrix der meisten Gewebe vorkommt. Auf Grund ihrer wasserbindenden Eigenschaften sorgt sie f\u00fcr ein feuchtes Milieu um und zwischen den Zellen, das die Wanderung der Zellen erleichtert.<\/p>\n","protected":false},"excerpt":{"rendered":"<p>BIONECT Creme ist eine topische Zubereitung, ihr Hauptbestandteil ist Hyalurons\u00e4ure. Hyalurons\u00e4ure ist ein nat\u00fcrlich vorkommendes Polysaccharid (Glykosaminoglykan), das in der extrazellul\u00e4ren Matrix der meisten Gewebe vorkommt. Auf Grund ihrer wasserbindenden Eigenschaften sorgt sie f\u00fcr ein feuchtes Milieu um und zwischen den Zellen, das die Wanderung der Zellen erleichtert.<\/p>\n","protected":false},"featured_media":0,"template":"","meta":{"_acf_changed":false},"product_brand":[],"product_cat":[802],"product_tag":[],"class_list":{"0":"post-161618","1":"product","2":"type-product","3":"status-publish","5":"product_cat-b","6":"pa_packungsgroesse-30g","8":"first","9":"instock","10":"shipping-taxable","11":"purchasable","12":"product-type-simple"},"acf":[],"_links":{"self":[{"href":"https:\/\/www.ernstbrunn-apotheke.at\/katalog\/wp-json\/wp\/v2\/product\/161618","targetHints":{"allow":["GET"]}}],"collection":[{"href":"https:\/\/www.ernstbrunn-apotheke.at\/katalog\/wp-json\/wp\/v2\/product"}],"about":[{"href":"https:\/\/www.ernstbrunn-apotheke.at\/katalog\/wp-json\/wp\/v2\/types\/product"}],"wp:attachment":[{"href":"https:\/\/www.ernstbrunn-apotheke.at\/katalog\/wp-json\/wp\/v2\/media?parent=161618"}],"wp:term":[{"taxonomy":"product_brand","embeddable":true,"href":"https:\/\/www.ernstbrunn-apotheke.at\/katalog\/wp-json\/wp\/v2\/product_brand?post=161618"},{"taxonomy":"product_cat","embeddable":true,"href":"https:\/\/www.ernstbrunn-apotheke.at\/katalog\/wp-json\/wp\/v2\/product_cat?post=161618"},{"taxonomy":"product_tag","embeddable":true,"href":"https:\/\/www.ernstbrunn-apotheke.at\/katalog\/wp-json\/wp\/v2\/product_tag?post=161618"}],"curies":[{"name":"wp","href":"https:\/\/api.w.org\/{rel}","templated":true}]}}