{"id":161616,"date":"2025-12-09T09:26:40","date_gmt":"2025-12-09T08:26:40","guid":{"rendered":"https:\/\/www.ernstbrunn-apotheke.at\/katalog\/?post_type=product&#038;p=161616"},"modified":"2025-12-09T09:26:40","modified_gmt":"2025-12-09T08:26:40","slug":"fenivir-fieberblasencreme-2g","status":"publish","type":"product","link":"https:\/\/www.ernstbrunn-apotheke.at\/katalog\/produkt\/fenivir-fieberblasencreme-2g\/","title":{"rendered":"Fenivir Fieberblasencreme 2g"},"content":{"rendered":"<p>Fenivir Fieberblasencreme ist zur Behandlung von Fieberblasen (Herpes labialis) vorgesehen. Die Creme lindert die Schmerzen, verk\u00fcrzt den Heilungsprozess und hindert den Virus daran, sich zu vermehren. So k\u00f6nnen Betroffene den Herpes jederzeit effektiv bek\u00e4mpfen.<\/p>\n","protected":false},"excerpt":{"rendered":"<p>Fenivir Fieberblasencreme ist zur Behandlung von Fieberblasen (Herpes labialis) vorgesehen. Die Creme lindert die Schmerzen, verk\u00fcrzt den Heilungsprozess und hindert den Virus daran, sich zu vermehren. So k\u00f6nnen Betroffene den Herpes jederzeit effektiv bek\u00e4mpfen.<\/p>\n","protected":false},"featured_media":0,"template":"","meta":{"_acf_changed":false},"product_brand":[],"product_cat":[809],"product_tag":[],"class_list":{"0":"post-161616","1":"product","2":"type-product","3":"status-publish","5":"product_cat-f","6":"pa_packungsgroesse-2g","8":"first","9":"instock","10":"shipping-taxable","11":"purchasable","12":"product-type-simple"},"acf":[],"_links":{"self":[{"href":"https:\/\/www.ernstbrunn-apotheke.at\/katalog\/wp-json\/wp\/v2\/product\/161616","targetHints":{"allow":["GET"]}}],"collection":[{"href":"https:\/\/www.ernstbrunn-apotheke.at\/katalog\/wp-json\/wp\/v2\/product"}],"about":[{"href":"https:\/\/www.ernstbrunn-apotheke.at\/katalog\/wp-json\/wp\/v2\/types\/product"}],"wp:attachment":[{"href":"https:\/\/www.ernstbrunn-apotheke.at\/katalog\/wp-json\/wp\/v2\/media?parent=161616"}],"wp:term":[{"taxonomy":"product_brand","embeddable":true,"href":"https:\/\/www.ernstbrunn-apotheke.at\/katalog\/wp-json\/wp\/v2\/product_brand?post=161616"},{"taxonomy":"product_cat","embeddable":true,"href":"https:\/\/www.ernstbrunn-apotheke.at\/katalog\/wp-json\/wp\/v2\/product_cat?post=161616"},{"taxonomy":"product_tag","embeddable":true,"href":"https:\/\/www.ernstbrunn-apotheke.at\/katalog\/wp-json\/wp\/v2\/product_tag?post=161616"}],"curies":[{"name":"wp","href":"https:\/\/api.w.org\/{rel}","templated":true}]}}