{"id":161615,"date":"2025-12-09T09:25:38","date_gmt":"2025-12-09T08:25:38","guid":{"rendered":"https:\/\/www.ernstbrunn-apotheke.at\/katalog\/?post_type=product&#038;p=161615"},"modified":"2025-12-09T09:25:39","modified_gmt":"2025-12-09T08:25:39","slug":"andropeak-kapseln-60-stk","status":"publish","type":"product","link":"https:\/\/www.ernstbrunn-apotheke.at\/katalog\/produkt\/andropeak-kapseln-60-stk\/","title":{"rendered":"Andropeak Kapseln 60 Stk."},"content":{"rendered":"<p>Andropeak ist ein nat\u00fcrliches Nahrungserg\u00e4nzungsmittel. Es hilft vor Allem im zunehmenden Alter den Testosteronspiegel zu steigern, den Sauerstofftransport zu unterst\u00fctzen und den K\u00f6rper mit Energie zu versorgen. Andropeak Kapseln nutzen das Extrakt der Bockshornkleesamen um damit den Testosteronspiegel auf nat\u00fcrliche Art zu steigern. Es beinhaltet weiterhin Selen, Vitamin B6, Eisen und Zink. Da schon ab dem 35. Lebensjahr eine Abnahme des Testosteronspiegels zu bemerken ist, l\u00e4sst meistens die eigene Energie signifikant nach. Dies betrifft die k\u00f6rperliche Kraft ebenso wie die Libido. Andropeak Kapseln bewirken eine Freisetzung des an Proteine gekoppelten Testosterons im K\u00f6rper, welches sonst nur gespeichert und nicht verwendet wird. So bleibt die gewohnte Energie vorhanden, beziehungswei\u00dfe kehrt erneut zur\u00fcck. Dies hat positive Effekte auf den Alltag, da man sich wieder fitter, selbstbewusster und ges\u00fcnder f\u00fchlt. Das M\u00fcdigkeitsgef\u00fchl, sowie allgemeine Schlappheit und Antriebslosigkeit werden reduziert, indem der Sauerstofftransport im K\u00f6rper gef\u00f6rdert wird. Das Ergebnis sind mehr Vitalit\u00e4t und Kraft. .<\/p>\n","protected":false},"excerpt":{"rendered":"<p>Andropeak ist ein nat\u00fcrliches Nahrungserg\u00e4nzungsmittel. Es hilft vor Allem im zunehmenden Alter den Testosteronspiegel zu steigern, den Sauerstofftransport zu unterst\u00fctzen und den K\u00f6rper mit Energie zu versorgen. Andropeak Kapseln nutzen das Extrakt der Bockshornkleesamen um damit den Testosteronspiegel auf nat\u00fcrliche Art zu steigern. Es beinhaltet weiterhin Selen, Vitamin B6, Eisen und Zink. Da schon ab [&hellip;]<\/p>\n","protected":false},"featured_media":0,"template":"","meta":{"_acf_changed":false},"product_brand":[],"product_cat":[801],"product_tag":[],"class_list":{"0":"post-161615","1":"product","2":"type-product","3":"status-publish","5":"product_cat-a","6":"pa_packungsgroesse-60-stueck","8":"first","9":"instock","10":"shipping-taxable","11":"purchasable","12":"product-type-simple"},"acf":[],"_links":{"self":[{"href":"https:\/\/www.ernstbrunn-apotheke.at\/katalog\/wp-json\/wp\/v2\/product\/161615","targetHints":{"allow":["GET"]}}],"collection":[{"href":"https:\/\/www.ernstbrunn-apotheke.at\/katalog\/wp-json\/wp\/v2\/product"}],"about":[{"href":"https:\/\/www.ernstbrunn-apotheke.at\/katalog\/wp-json\/wp\/v2\/types\/product"}],"wp:attachment":[{"href":"https:\/\/www.ernstbrunn-apotheke.at\/katalog\/wp-json\/wp\/v2\/media?parent=161615"}],"wp:term":[{"taxonomy":"product_brand","embeddable":true,"href":"https:\/\/www.ernstbrunn-apotheke.at\/katalog\/wp-json\/wp\/v2\/product_brand?post=161615"},{"taxonomy":"product_cat","embeddable":true,"href":"https:\/\/www.ernstbrunn-apotheke.at\/katalog\/wp-json\/wp\/v2\/product_cat?post=161615"},{"taxonomy":"product_tag","embeddable":true,"href":"https:\/\/www.ernstbrunn-apotheke.at\/katalog\/wp-json\/wp\/v2\/product_tag?post=161615"}],"curies":[{"name":"wp","href":"https:\/\/api.w.org\/{rel}","templated":true}]}}