{"id":161610,"date":"2025-12-09T09:05:11","date_gmt":"2025-12-09T08:05:11","guid":{"rendered":"https:\/\/www.ernstbrunn-apotheke.at\/katalog\/?post_type=product&#038;p=161610"},"modified":"2025-12-09T09:05:12","modified_gmt":"2025-12-09T08:05:12","slug":"actimaris-wundspuelloesung-300-ml-sensitiv","status":"publish","type":"product","link":"https:\/\/www.ernstbrunn-apotheke.at\/katalog\/produkt\/actimaris-wundspuelloesung-300-ml-sensitiv\/","title":{"rendered":"Actimaris Wundsp\u00fcll\u00f6sung 300 ml Sensitiv"},"content":{"rendered":"<p>Actimaris Wundsp\u00fcll\u00f6sung ist geeignet zur Reinigung, Sp\u00fclung, Befeuchtung und Dekontamination von akuten mechanischen und postoperativen Wunden. Dazu z\u00e4hlen etwa chronische Wunden und Verbrennungen I und II Grades. Au\u00dferdem dient es zur intraoperativen Reinigung und Sp\u00fclung von Wunden und zur Befeuchtung von inaktiven Verb\u00e4nden und Wundauflagen.<\/p>\n","protected":false},"excerpt":{"rendered":"<p>Actimaris Wundsp\u00fcll\u00f6sung ist geeignet zur Reinigung, Sp\u00fclung, Befeuchtung und Dekontamination von akuten mechanischen und postoperativen Wunden. Dazu z\u00e4hlen etwa chronische Wunden und Verbrennungen I und II Grades. Au\u00dferdem dient es zur intraoperativen Reinigung und Sp\u00fclung von Wunden und zur Befeuchtung von inaktiven Verb\u00e4nden und Wundauflagen.<\/p>\n","protected":false},"featured_media":0,"template":"","meta":{"_acf_changed":false},"product_brand":[],"product_cat":[801],"product_tag":[],"class_list":{"0":"post-161610","1":"product","2":"type-product","3":"status-publish","5":"product_cat-a","6":"pa_packungsgroesse-300ml","8":"first","9":"instock","10":"shipping-taxable","11":"purchasable","12":"product-type-simple"},"acf":[],"_links":{"self":[{"href":"https:\/\/www.ernstbrunn-apotheke.at\/katalog\/wp-json\/wp\/v2\/product\/161610","targetHints":{"allow":["GET"]}}],"collection":[{"href":"https:\/\/www.ernstbrunn-apotheke.at\/katalog\/wp-json\/wp\/v2\/product"}],"about":[{"href":"https:\/\/www.ernstbrunn-apotheke.at\/katalog\/wp-json\/wp\/v2\/types\/product"}],"wp:attachment":[{"href":"https:\/\/www.ernstbrunn-apotheke.at\/katalog\/wp-json\/wp\/v2\/media?parent=161610"}],"wp:term":[{"taxonomy":"product_brand","embeddable":true,"href":"https:\/\/www.ernstbrunn-apotheke.at\/katalog\/wp-json\/wp\/v2\/product_brand?post=161610"},{"taxonomy":"product_cat","embeddable":true,"href":"https:\/\/www.ernstbrunn-apotheke.at\/katalog\/wp-json\/wp\/v2\/product_cat?post=161610"},{"taxonomy":"product_tag","embeddable":true,"href":"https:\/\/www.ernstbrunn-apotheke.at\/katalog\/wp-json\/wp\/v2\/product_tag?post=161610"}],"curies":[{"name":"wp","href":"https:\/\/api.w.org\/{rel}","templated":true}]}}