{"id":161604,"date":"2025-12-09T09:01:10","date_gmt":"2025-12-09T08:01:10","guid":{"rendered":"https:\/\/www.ernstbrunn-apotheke.at\/katalog\/?post_type=product&#038;p=161604"},"modified":"2025-12-09T09:01:11","modified_gmt":"2025-12-09T08:01:11","slug":"euviril-aprosta-kapseln-90-stk","status":"publish","type":"product","link":"https:\/\/www.ernstbrunn-apotheke.at\/katalog\/produkt\/euviril-aprosta-kapseln-90-stk\/","title":{"rendered":"Euviril Aprosta Kapseln 90 Stk."},"content":{"rendered":"<p>EUVIRIL\u00ae Aprosta Kapseln enthalten eine hoch dosierte Kombination bew\u00e4hrter Naturextrakte zur St\u00e4rkung des Prostata-Systems und f\u00fcr eine kontrollierte Blasenaktivit\u00e4t bei Tag und Nacht.<\/p>\n","protected":false},"excerpt":{"rendered":"<p>EUVIRIL\u00ae Aprosta Kapseln enthalten eine hoch dosierte Kombination bew\u00e4hrter Naturextrakte zur St\u00e4rkung des Prostata-Systems und f\u00fcr eine kontrollierte Blasenaktivit\u00e4t bei Tag und Nacht.<\/p>\n","protected":false},"featured_media":0,"template":"","meta":{"_acf_changed":false},"product_brand":[],"product_cat":[794],"product_tag":[],"class_list":{"0":"post-161604","1":"product","2":"type-product","3":"status-publish","5":"product_cat-e","6":"pa_packungsgroesse-90-stueck","8":"first","9":"instock","10":"shipping-taxable","11":"purchasable","12":"product-type-simple"},"acf":[],"_links":{"self":[{"href":"https:\/\/www.ernstbrunn-apotheke.at\/katalog\/wp-json\/wp\/v2\/product\/161604","targetHints":{"allow":["GET"]}}],"collection":[{"href":"https:\/\/www.ernstbrunn-apotheke.at\/katalog\/wp-json\/wp\/v2\/product"}],"about":[{"href":"https:\/\/www.ernstbrunn-apotheke.at\/katalog\/wp-json\/wp\/v2\/types\/product"}],"wp:attachment":[{"href":"https:\/\/www.ernstbrunn-apotheke.at\/katalog\/wp-json\/wp\/v2\/media?parent=161604"}],"wp:term":[{"taxonomy":"product_brand","embeddable":true,"href":"https:\/\/www.ernstbrunn-apotheke.at\/katalog\/wp-json\/wp\/v2\/product_brand?post=161604"},{"taxonomy":"product_cat","embeddable":true,"href":"https:\/\/www.ernstbrunn-apotheke.at\/katalog\/wp-json\/wp\/v2\/product_cat?post=161604"},{"taxonomy":"product_tag","embeddable":true,"href":"https:\/\/www.ernstbrunn-apotheke.at\/katalog\/wp-json\/wp\/v2\/product_tag?post=161604"}],"curies":[{"name":"wp","href":"https:\/\/api.w.org\/{rel}","templated":true}]}}