{"id":161603,"date":"2025-12-09T09:00:31","date_gmt":"2025-12-09T08:00:31","guid":{"rendered":"https:\/\/www.ernstbrunn-apotheke.at\/katalog\/?post_type=product&#038;p=161603"},"modified":"2025-12-09T09:00:32","modified_gmt":"2025-12-09T08:00:32","slug":"selomun-spray-2","status":"publish","type":"product","link":"https:\/\/www.ernstbrunn-apotheke.at\/katalog\/produkt\/selomun-spray-2\/","title":{"rendered":"SELOMUN Spray"},"content":{"rendered":"<p><strong>F\u00fcr Lippen, Haut und Schleimh\u00e4ute<\/strong><\/p>\n<p>Unsere Haut, insbesondere die feine Haut unserer Lippen sowie die Mundschleimhaut sind sehr empfindlich gegen\u00fcber diversen \u00e4u\u00dferen und inneren Einfl\u00fcssen.<\/p>\n<p>Immunologische Belastungen, psychische (z.B. Stress, Schlafdefizite) und\/oder physische Belastungen (z.B. dauerhafte mechanische Belastungen), aber auch Umwelteinfl\u00fcsse wie trockene Heizungsluft und UV-Strahlung erfordern eine permanente Schutz- und Regenerationsf\u00e4higkeit der Haut.<\/p>\n<p>Bei unzureichenden Abwehrkr\u00e4ften kommt es zu einer Sch\u00e4digung der Haut- und Schleimhautbarriere, die sich in Form von Juckreiz, R\u00f6tungen oder schmerzhaften Bl\u00e4schen zeigen kann.<\/p>\n<p>Gemeinsam ist diesen Irritationen ein vermehrtes Auftreten sogenannter freier Radikale und Peroxide \u2013 man spricht von oxidativem Stress.<\/p>\n<p>SeloMun\u00ae Spray &#8211; Sch\u00fctzt und regeneriert Lippen, Haut und Schleimh\u00e4ute<\/p>\n<p>F\u00fcr Schutz der Lippen, Haut und Schleimh\u00e4ute<br \/>Eine patentierte Formel biologisch aktivierten Selens sch\u00fctzt die Zellen der Haut und Schleimh\u00e4ute vor oxidativem Stress. Auch Zink unterst\u00fctzt als Enzym-Bestandteil das komplexe antioxidative Schutzsystem unseres K\u00f6rpers. SeloMun\u00ae wirkt dadurch lindernd und beruhigend auf Symptome von Haut- und Schleimhaut-Irritationen wie Juckreiz und Brennen.<br \/>F\u00fcr Regeneration<br \/>Das Spurenelement Zink hat eine wichtige Funktion bei der Zellteilung und unterst\u00fctzt die Wiederherstellung gesunder Haut. Biotin, auch als Vitamin B7 oder Vitamin H bekannt, tr\u00e4gt zur Erhaltung gesunder Haut und Schleimh\u00e4ute bei.<\/p>\n<p><strong>N\u00e4hrwerte:<\/strong><\/p>\n<table width=\"100%\">\n<tbody>\n<tr>\n<td>Durchschnittliche N\u00e4hrwerte:<br \/>\u00a0<\/td>\n<td>pro Tagesdosis<br \/>(= 5 Spr\u00fchst\u00f6\u00dfe)<\/td>\n<td>NRV*<br \/>\u00a0<\/td>\n<\/tr>\n<tr>\n<td>Selen<\/td>\n<td>75 mcg<\/td>\n<td>136 %<\/td>\n<\/tr>\n<tr>\n<td>Biotin<\/td>\n<td>50 mcg<\/td>\n<td>100 %<\/td>\n<\/tr>\n<tr>\n<td>Zink<\/td>\n<td>1,5 mg<\/td>\n<td>15 %<\/td>\n<\/tr>\n<\/tbody>\n<\/table>\n<p><\/p>\n<p><strong>Anwendungsempfehlung<\/strong><br \/>5 mal t\u00e4glich im Abstand von ca. 2 Stunden einen Spr\u00fchsto\u00df in den Mund spr\u00fchen. Bei Hautirritationen soll SeloMun\u00ae Spray begleitend auch direkt auf die betroffenen Stellen gespr\u00fcht werden.<\/p>\n<p><strong>Wichtige Hinweise:<\/strong><br \/>Vor Gebrauch sch\u00fctteln! Geringf\u00fcgige farbliche Abweichungen an der Flascheninnenwand stellen keine Beeintr\u00e4chtigung f\u00fcr die Verwendbarkeit des Produktes dar.<\/p>\n<p>Frei von Gluten und Lactose.<\/p>\n","protected":false},"excerpt":{"rendered":"<p>F\u00fcr Lippen, Haut und Schleimh\u00e4ute Unsere Haut, insbesondere die feine Haut unserer Lippen sowie die Mundschleimhaut sind sehr empfindlich gegen\u00fcber diversen \u00e4u\u00dferen und inneren Einfl\u00fcssen. Immunologische Belastungen, psychische (z.B. Stress, Schlafdefizite) und\/oder physische Belastungen (z.B. dauerhafte mechanische Belastungen), aber auch Umwelteinfl\u00fcsse wie trockene Heizungsluft und UV-Strahlung erfordern eine permanente Schutz- und Regenerationsf\u00e4higkeit der Haut. Bei [&hellip;]<\/p>\n","protected":false},"featured_media":0,"template":"","meta":{"_acf_changed":false},"product_brand":[1534],"product_cat":[791],"product_tag":[],"class_list":{"0":"post-161603","1":"product","2":"type-product","3":"status-publish","5":"product_brand-selomun","6":"product_cat-s","7":"pa_packungsgroesse-15ml","9":"first","10":"instock","11":"shipping-taxable","12":"purchasable","13":"product-type-simple"},"acf":[],"_links":{"self":[{"href":"https:\/\/www.ernstbrunn-apotheke.at\/katalog\/wp-json\/wp\/v2\/product\/161603","targetHints":{"allow":["GET"]}}],"collection":[{"href":"https:\/\/www.ernstbrunn-apotheke.at\/katalog\/wp-json\/wp\/v2\/product"}],"about":[{"href":"https:\/\/www.ernstbrunn-apotheke.at\/katalog\/wp-json\/wp\/v2\/types\/product"}],"wp:attachment":[{"href":"https:\/\/www.ernstbrunn-apotheke.at\/katalog\/wp-json\/wp\/v2\/media?parent=161603"}],"wp:term":[{"taxonomy":"product_brand","embeddable":true,"href":"https:\/\/www.ernstbrunn-apotheke.at\/katalog\/wp-json\/wp\/v2\/product_brand?post=161603"},{"taxonomy":"product_cat","embeddable":true,"href":"https:\/\/www.ernstbrunn-apotheke.at\/katalog\/wp-json\/wp\/v2\/product_cat?post=161603"},{"taxonomy":"product_tag","embeddable":true,"href":"https:\/\/www.ernstbrunn-apotheke.at\/katalog\/wp-json\/wp\/v2\/product_tag?post=161603"}],"curies":[{"name":"wp","href":"https:\/\/api.w.org\/{rel}","templated":true}]}}