{"id":161601,"date":"2025-12-08T15:26:55","date_gmt":"2025-12-08T14:26:55","guid":{"rendered":"https:\/\/www.ernstbrunn-apotheke.at\/katalog\/?post_type=product&#038;p=161601"},"modified":"2025-12-08T15:26:56","modified_gmt":"2025-12-08T14:26:56","slug":"dexeryl-creme-250-g","status":"publish","type":"product","link":"https:\/\/www.ernstbrunn-apotheke.at\/katalog\/produkt\/dexeryl-creme-250-g\/","title":{"rendered":"Dexeryl Creme 250 g"},"content":{"rendered":"<p>Dexeryl Creme pflegt und unterst\u00fctzt bei trockener Haut, Schuppenflechte und Neurodermitis. Dexeryl ist die medizinische Intensivpflege bei Hautkrankheiten wie Ichthyosis, Psoriasis und Neurodermitis und f\u00fcr die anspruchsvolle, trockene Haut von Diabetikern und Dialysepatienten. Au\u00dferdem bietet sie optimalen Schutz f\u00fcr trockene Haut, ob durch Veranlagung oder durch die Witterung<\/p>\n","protected":false},"excerpt":{"rendered":"<p>Dexeryl Creme pflegt und unterst\u00fctzt bei trockener Haut, Schuppenflechte und Neurodermitis. Dexeryl ist die medizinische Intensivpflege bei Hautkrankheiten wie Ichthyosis, Psoriasis und Neurodermitis und f\u00fcr die anspruchsvolle, trockene Haut von Diabetikern und Dialysepatienten. Au\u00dferdem bietet sie optimalen Schutz f\u00fcr trockene Haut, ob durch Veranlagung oder durch die Witterung<\/p>\n","protected":false},"featured_media":0,"template":"","meta":{"_acf_changed":false},"product_brand":[],"product_cat":[792],"product_tag":[],"class_list":{"0":"post-161601","1":"product","2":"type-product","3":"status-publish","5":"product_cat-d","6":"pa_packungsgroesse-250g","8":"first","9":"instock","10":"shipping-taxable","11":"purchasable","12":"product-type-simple"},"acf":[],"_links":{"self":[{"href":"https:\/\/www.ernstbrunn-apotheke.at\/katalog\/wp-json\/wp\/v2\/product\/161601","targetHints":{"allow":["GET"]}}],"collection":[{"href":"https:\/\/www.ernstbrunn-apotheke.at\/katalog\/wp-json\/wp\/v2\/product"}],"about":[{"href":"https:\/\/www.ernstbrunn-apotheke.at\/katalog\/wp-json\/wp\/v2\/types\/product"}],"wp:attachment":[{"href":"https:\/\/www.ernstbrunn-apotheke.at\/katalog\/wp-json\/wp\/v2\/media?parent=161601"}],"wp:term":[{"taxonomy":"product_brand","embeddable":true,"href":"https:\/\/www.ernstbrunn-apotheke.at\/katalog\/wp-json\/wp\/v2\/product_brand?post=161601"},{"taxonomy":"product_cat","embeddable":true,"href":"https:\/\/www.ernstbrunn-apotheke.at\/katalog\/wp-json\/wp\/v2\/product_cat?post=161601"},{"taxonomy":"product_tag","embeddable":true,"href":"https:\/\/www.ernstbrunn-apotheke.at\/katalog\/wp-json\/wp\/v2\/product_tag?post=161601"}],"curies":[{"name":"wp","href":"https:\/\/api.w.org\/{rel}","templated":true}]}}