{"id":161599,"date":"2025-12-08T15:25:24","date_gmt":"2025-12-08T14:25:24","guid":{"rendered":"https:\/\/www.ernstbrunn-apotheke.at\/katalog\/?post_type=product&#038;p=161599"},"modified":"2025-12-08T15:25:24","modified_gmt":"2025-12-08T14:25:24","slug":"salbei-antitranspirant-kapseln-60-stk","status":"publish","type":"product","link":"https:\/\/www.ernstbrunn-apotheke.at\/katalog\/produkt\/salbei-antitranspirant-kapseln-60-stk\/","title":{"rendered":"Salbei Antitranspirant Kapseln 60 Stk."},"content":{"rendered":"<p>Salbei Antitranspirant Kapseln bietet schnelle Linderung durch Salbei, nicht nur bei Verdauungsbeschwerden und Entz\u00fcndungen, sondern auch bei \u00fcberm\u00e4ssigem Schwitzen.<\/p>\n","protected":false},"excerpt":{"rendered":"<p>Salbei Antitranspirant Kapseln bietet schnelle Linderung durch Salbei, nicht nur bei Verdauungsbeschwerden und Entz\u00fcndungen, sondern auch bei \u00fcberm\u00e4ssigem Schwitzen.<\/p>\n","protected":false},"featured_media":0,"template":"","meta":{"_acf_changed":false},"product_brand":[],"product_cat":[791],"product_tag":[],"class_list":{"0":"post-161599","1":"product","2":"type-product","3":"status-publish","5":"product_cat-s","6":"pa_packungsgroesse-60-stueck","8":"first","9":"instock","10":"shipping-taxable","11":"purchasable","12":"product-type-simple"},"acf":[],"_links":{"self":[{"href":"https:\/\/www.ernstbrunn-apotheke.at\/katalog\/wp-json\/wp\/v2\/product\/161599","targetHints":{"allow":["GET"]}}],"collection":[{"href":"https:\/\/www.ernstbrunn-apotheke.at\/katalog\/wp-json\/wp\/v2\/product"}],"about":[{"href":"https:\/\/www.ernstbrunn-apotheke.at\/katalog\/wp-json\/wp\/v2\/types\/product"}],"wp:attachment":[{"href":"https:\/\/www.ernstbrunn-apotheke.at\/katalog\/wp-json\/wp\/v2\/media?parent=161599"}],"wp:term":[{"taxonomy":"product_brand","embeddable":true,"href":"https:\/\/www.ernstbrunn-apotheke.at\/katalog\/wp-json\/wp\/v2\/product_brand?post=161599"},{"taxonomy":"product_cat","embeddable":true,"href":"https:\/\/www.ernstbrunn-apotheke.at\/katalog\/wp-json\/wp\/v2\/product_cat?post=161599"},{"taxonomy":"product_tag","embeddable":true,"href":"https:\/\/www.ernstbrunn-apotheke.at\/katalog\/wp-json\/wp\/v2\/product_tag?post=161599"}],"curies":[{"name":"wp","href":"https:\/\/api.w.org\/{rel}","templated":true}]}}