{"id":161593,"date":"2025-12-08T15:19:19","date_gmt":"2025-12-08T14:19:19","guid":{"rendered":"https:\/\/www.ernstbrunn-apotheke.at\/katalog\/?post_type=product&#038;p=161593"},"modified":"2025-12-08T15:19:19","modified_gmt":"2025-12-08T14:19:19","slug":"hafesan-aphrodisan-woman-kapseln-60-stk","status":"publish","type":"product","link":"https:\/\/www.ernstbrunn-apotheke.at\/katalog\/produkt\/hafesan-aphrodisan-woman-kapseln-60-stk\/","title":{"rendered":"Hafesan Aphrodisan Woman Kapseln 60 Stk."},"content":{"rendered":"<p>Hafesan\u00ae Aphrodisan Woman st\u00e4rkt die Abwehrkr\u00e4fte und die Libido, gibt Vitalit\u00e4t und Energie im zunehmenden Alter und beeinflusst positiv die Wechseljahre.<\/p>\n","protected":false},"excerpt":{"rendered":"<p>Hafesan\u00ae Aphrodisan Woman st\u00e4rkt die Abwehrkr\u00e4fte und die Libido, gibt Vitalit\u00e4t und Energie im zunehmenden Alter und beeinflusst positiv die Wechseljahre.<\/p>\n","protected":false},"featured_media":0,"template":"","meta":{"_acf_changed":false},"product_brand":[376],"product_cat":[805],"product_tag":[],"class_list":{"0":"post-161593","1":"product","2":"type-product","3":"status-publish","5":"product_brand-hafesan","6":"product_cat-h","7":"pa_packungsgroesse-60-stueck","9":"first","10":"instock","11":"shipping-taxable","12":"purchasable","13":"product-type-simple"},"acf":[],"_links":{"self":[{"href":"https:\/\/www.ernstbrunn-apotheke.at\/katalog\/wp-json\/wp\/v2\/product\/161593","targetHints":{"allow":["GET"]}}],"collection":[{"href":"https:\/\/www.ernstbrunn-apotheke.at\/katalog\/wp-json\/wp\/v2\/product"}],"about":[{"href":"https:\/\/www.ernstbrunn-apotheke.at\/katalog\/wp-json\/wp\/v2\/types\/product"}],"wp:attachment":[{"href":"https:\/\/www.ernstbrunn-apotheke.at\/katalog\/wp-json\/wp\/v2\/media?parent=161593"}],"wp:term":[{"taxonomy":"product_brand","embeddable":true,"href":"https:\/\/www.ernstbrunn-apotheke.at\/katalog\/wp-json\/wp\/v2\/product_brand?post=161593"},{"taxonomy":"product_cat","embeddable":true,"href":"https:\/\/www.ernstbrunn-apotheke.at\/katalog\/wp-json\/wp\/v2\/product_cat?post=161593"},{"taxonomy":"product_tag","embeddable":true,"href":"https:\/\/www.ernstbrunn-apotheke.at\/katalog\/wp-json\/wp\/v2\/product_tag?post=161593"}],"curies":[{"name":"wp","href":"https:\/\/api.w.org\/{rel}","templated":true}]}}