{"id":161592,"date":"2025-12-08T15:18:21","date_gmt":"2025-12-08T14:18:21","guid":{"rendered":"https:\/\/www.ernstbrunn-apotheke.at\/katalog\/?post_type=product&#038;p=161592"},"modified":"2025-12-08T15:18:22","modified_gmt":"2025-12-08T14:18:22","slug":"hafesan-aphrodisan-man-kapseln-60-stk","status":"publish","type":"product","link":"https:\/\/www.ernstbrunn-apotheke.at\/katalog\/produkt\/hafesan-aphrodisan-man-kapseln-60-stk\/","title":{"rendered":"Hafesan Aphrodisan Man Kapseln 60 Stk."},"content":{"rendered":"<p>Hafesan\u00ae Aphrodisan Man st\u00e4rkt die Manneskraft, verbessert Ged\u00e4chtnis und Konzentrationsf\u00e4higkeit, steigert das Leistungsverm\u00f6gen, wirkt als Muntermacher und h\u00e4lt geistig fit.<\/p>\n","protected":false},"excerpt":{"rendered":"<p>Hafesan\u00ae Aphrodisan Man st\u00e4rkt die Manneskraft, verbessert Ged\u00e4chtnis und Konzentrationsf\u00e4higkeit, steigert das Leistungsverm\u00f6gen, wirkt als Muntermacher und h\u00e4lt geistig fit.<\/p>\n","protected":false},"featured_media":0,"template":"","meta":{"_acf_changed":false},"product_brand":[376],"product_cat":[805],"product_tag":[],"class_list":{"0":"post-161592","1":"product","2":"type-product","3":"status-publish","5":"product_brand-hafesan","6":"product_cat-h","7":"pa_packungsgroesse-60-stueck","9":"first","10":"instock","11":"shipping-taxable","12":"purchasable","13":"product-type-simple"},"acf":[],"_links":{"self":[{"href":"https:\/\/www.ernstbrunn-apotheke.at\/katalog\/wp-json\/wp\/v2\/product\/161592","targetHints":{"allow":["GET"]}}],"collection":[{"href":"https:\/\/www.ernstbrunn-apotheke.at\/katalog\/wp-json\/wp\/v2\/product"}],"about":[{"href":"https:\/\/www.ernstbrunn-apotheke.at\/katalog\/wp-json\/wp\/v2\/types\/product"}],"wp:attachment":[{"href":"https:\/\/www.ernstbrunn-apotheke.at\/katalog\/wp-json\/wp\/v2\/media?parent=161592"}],"wp:term":[{"taxonomy":"product_brand","embeddable":true,"href":"https:\/\/www.ernstbrunn-apotheke.at\/katalog\/wp-json\/wp\/v2\/product_brand?post=161592"},{"taxonomy":"product_cat","embeddable":true,"href":"https:\/\/www.ernstbrunn-apotheke.at\/katalog\/wp-json\/wp\/v2\/product_cat?post=161592"},{"taxonomy":"product_tag","embeddable":true,"href":"https:\/\/www.ernstbrunn-apotheke.at\/katalog\/wp-json\/wp\/v2\/product_tag?post=161592"}],"curies":[{"name":"wp","href":"https:\/\/api.w.org\/{rel}","templated":true}]}}