{"id":161590,"date":"2025-12-08T14:44:59","date_gmt":"2025-12-08T13:44:59","guid":{"rendered":"https:\/\/www.ernstbrunn-apotheke.at\/katalog\/?post_type=product&#038;p=161590"},"modified":"2025-12-08T14:45:00","modified_gmt":"2025-12-08T13:45:00","slug":"allergika-nachtkerzenoel-creme-100-ml","status":"publish","type":"product","link":"https:\/\/www.ernstbrunn-apotheke.at\/katalog\/produkt\/allergika-nachtkerzenoel-creme-100-ml\/","title":{"rendered":"Allergika Nachtkerzen\u00f6l Creme 100 ml"},"content":{"rendered":"<p>Allergika Nachtkerzen\u00f6l Creme enth\u00e4lt 20% wertvolles Nachtkerzen\u00f6l und 5% Glycerin. Sie st\u00e4rkt durch ihre ausgew\u00e4hlten Wirkstoffe die Hautbarriere, spendet intensiv, lang anhaltend Feuchtigkeit und beugt Juckreiz vor. Spezielle Aufbau-Pflege f\u00fcr eine gesunde und geschmeidige Haut im Gesicht, am K\u00f6rper und an betroffenen Stellen.<\/p>\n","protected":false},"excerpt":{"rendered":"<p>Allergika Nachtkerzen\u00f6l Creme enth\u00e4lt 20% wertvolles Nachtkerzen\u00f6l und 5% Glycerin. Sie st\u00e4rkt durch ihre ausgew\u00e4hlten Wirkstoffe die Hautbarriere, spendet intensiv, lang anhaltend Feuchtigkeit und beugt Juckreiz vor. Spezielle Aufbau-Pflege f\u00fcr eine gesunde und geschmeidige Haut im Gesicht, am K\u00f6rper und an betroffenen Stellen.<\/p>\n","protected":false},"featured_media":0,"template":"","meta":{"_acf_changed":false},"product_brand":[],"product_cat":[801],"product_tag":[],"class_list":{"0":"post-161590","1":"product","2":"type-product","3":"status-publish","5":"product_cat-a","6":"pa_packungsgroesse-100ml","8":"first","9":"instock","10":"shipping-taxable","11":"purchasable","12":"product-type-simple"},"acf":[],"_links":{"self":[{"href":"https:\/\/www.ernstbrunn-apotheke.at\/katalog\/wp-json\/wp\/v2\/product\/161590","targetHints":{"allow":["GET"]}}],"collection":[{"href":"https:\/\/www.ernstbrunn-apotheke.at\/katalog\/wp-json\/wp\/v2\/product"}],"about":[{"href":"https:\/\/www.ernstbrunn-apotheke.at\/katalog\/wp-json\/wp\/v2\/types\/product"}],"wp:attachment":[{"href":"https:\/\/www.ernstbrunn-apotheke.at\/katalog\/wp-json\/wp\/v2\/media?parent=161590"}],"wp:term":[{"taxonomy":"product_brand","embeddable":true,"href":"https:\/\/www.ernstbrunn-apotheke.at\/katalog\/wp-json\/wp\/v2\/product_brand?post=161590"},{"taxonomy":"product_cat","embeddable":true,"href":"https:\/\/www.ernstbrunn-apotheke.at\/katalog\/wp-json\/wp\/v2\/product_cat?post=161590"},{"taxonomy":"product_tag","embeddable":true,"href":"https:\/\/www.ernstbrunn-apotheke.at\/katalog\/wp-json\/wp\/v2\/product_tag?post=161590"}],"curies":[{"name":"wp","href":"https:\/\/api.w.org\/{rel}","templated":true}]}}