{"id":161582,"date":"2025-12-08T14:28:13","date_gmt":"2025-12-08T13:28:13","guid":{"rendered":"https:\/\/www.ernstbrunn-apotheke.at\/katalog\/?post_type=product&#038;p=161582"},"modified":"2025-12-08T14:28:13","modified_gmt":"2025-12-08T13:28:13","slug":"panaceo-care-zeolith-wundpuder-30-g","status":"publish","type":"product","link":"https:\/\/www.ernstbrunn-apotheke.at\/katalog\/produkt\/panaceo-care-zeolith-wundpuder-30-g\/","title":{"rendered":"PANACEO Care Zeolith Wundpuder 30 g"},"content":{"rendered":"<p>Panaceo Med Haut- und Wundpuder saugt durch die mikropor\u00f6se Struktur des verwendeten kristallinen Minerals Wundsekrete (Exsudate) im Wundbereich auf. Dadurch wird die Wunde gesch\u00fctzt und die Wundheilung unterst\u00fctzt. Das Puder ist zur schnellen Wundversorgung bei Babies, Kleinkindern, Sportlern und \u00e4lteren Menschen besonders geeignet.<\/p>\n","protected":false},"excerpt":{"rendered":"<p>Panaceo Med Haut- und Wundpuder saugt durch die mikropor\u00f6se Struktur des verwendeten kristallinen Minerals Wundsekrete (Exsudate) im Wundbereich auf. Dadurch wird die Wunde gesch\u00fctzt und die Wundheilung unterst\u00fctzt. Das Puder ist zur schnellen Wundversorgung bei Babies, Kleinkindern, Sportlern und \u00e4lteren Menschen besonders geeignet.<\/p>\n","protected":false},"featured_media":0,"template":"","meta":{"_acf_changed":false},"product_brand":[1073],"product_cat":[793],"product_tag":[],"class_list":{"0":"post-161582","1":"product","2":"type-product","3":"status-publish","5":"product_brand-panaceo","6":"product_cat-p","7":"pa_packungsgroesse-30g","9":"first","10":"instock","11":"shipping-taxable","12":"purchasable","13":"product-type-simple"},"acf":[],"_links":{"self":[{"href":"https:\/\/www.ernstbrunn-apotheke.at\/katalog\/wp-json\/wp\/v2\/product\/161582","targetHints":{"allow":["GET"]}}],"collection":[{"href":"https:\/\/www.ernstbrunn-apotheke.at\/katalog\/wp-json\/wp\/v2\/product"}],"about":[{"href":"https:\/\/www.ernstbrunn-apotheke.at\/katalog\/wp-json\/wp\/v2\/types\/product"}],"wp:attachment":[{"href":"https:\/\/www.ernstbrunn-apotheke.at\/katalog\/wp-json\/wp\/v2\/media?parent=161582"}],"wp:term":[{"taxonomy":"product_brand","embeddable":true,"href":"https:\/\/www.ernstbrunn-apotheke.at\/katalog\/wp-json\/wp\/v2\/product_brand?post=161582"},{"taxonomy":"product_cat","embeddable":true,"href":"https:\/\/www.ernstbrunn-apotheke.at\/katalog\/wp-json\/wp\/v2\/product_cat?post=161582"},{"taxonomy":"product_tag","embeddable":true,"href":"https:\/\/www.ernstbrunn-apotheke.at\/katalog\/wp-json\/wp\/v2\/product_tag?post=161582"}],"curies":[{"name":"wp","href":"https:\/\/api.w.org\/{rel}","templated":true}]}}