{"id":161563,"date":"2025-12-08T13:29:16","date_gmt":"2025-12-08T12:29:16","guid":{"rendered":"https:\/\/www.ernstbrunn-apotheke.at\/katalog\/?post_type=product&#038;p=161563"},"modified":"2025-12-08T14:07:49","modified_gmt":"2025-12-08T13:07:49","slug":"gynex-extractum-herbarum-kraeuterextrakt-tropfen-30-ml","status":"publish","type":"product","link":"https:\/\/www.ernstbrunn-apotheke.at\/katalog\/produkt\/gynex-extractum-herbarum-kraeuterextrakt-tropfen-30-ml\/","title":{"rendered":"Gynex Extractum Herbarum Kr\u00e4uterextrakt Tropfen 30 ml"},"content":{"rendered":"<p>Gynex Extractum Herbarum Kr\u00e4uterextrakt Tropfen sind ein Nahrungserg\u00e4nzungsmittel mit sekund\u00e4rstoffreichen Pflanzenextraktenals fl\u00fcssiges Kr\u00e4uterkonzentrat. Die Tropfen sind insbesondere f\u00fcr eine F\u00f6rderung einer antioxidativen und die weibliche Hormonbalance in und nach der Menopause f\u00f6rdernden Ern\u00e4hrung hilfreich.<\/p>\n","protected":false},"excerpt":{"rendered":"<p>Gynex Extractum Herbarum Kr\u00e4uterextrakt Tropfen sind ein Nahrungserg\u00e4nzungsmittel mit sekund\u00e4rstoffreichen Pflanzenextraktenals fl\u00fcssiges Kr\u00e4uterkonzentrat. Die Tropfen sind insbesondere f\u00fcr eine F\u00f6rderung einer antioxidativen und die weibliche Hormonbalance in und nach der Menopause f\u00f6rdernden Ern\u00e4hrung hilfreich.<\/p>\n","protected":false},"featured_media":0,"template":"","meta":{"_acf_changed":false},"product_brand":[],"product_cat":[810],"product_tag":[],"class_list":{"0":"post-161563","1":"product","2":"type-product","3":"status-publish","5":"product_cat-g","6":"pa_packungsgroesse-30ml","8":"first","9":"instock","10":"shipping-taxable","11":"purchasable","12":"product-type-simple"},"acf":[],"_links":{"self":[{"href":"https:\/\/www.ernstbrunn-apotheke.at\/katalog\/wp-json\/wp\/v2\/product\/161563","targetHints":{"allow":["GET"]}}],"collection":[{"href":"https:\/\/www.ernstbrunn-apotheke.at\/katalog\/wp-json\/wp\/v2\/product"}],"about":[{"href":"https:\/\/www.ernstbrunn-apotheke.at\/katalog\/wp-json\/wp\/v2\/types\/product"}],"wp:attachment":[{"href":"https:\/\/www.ernstbrunn-apotheke.at\/katalog\/wp-json\/wp\/v2\/media?parent=161563"}],"wp:term":[{"taxonomy":"product_brand","embeddable":true,"href":"https:\/\/www.ernstbrunn-apotheke.at\/katalog\/wp-json\/wp\/v2\/product_brand?post=161563"},{"taxonomy":"product_cat","embeddable":true,"href":"https:\/\/www.ernstbrunn-apotheke.at\/katalog\/wp-json\/wp\/v2\/product_cat?post=161563"},{"taxonomy":"product_tag","embeddable":true,"href":"https:\/\/www.ernstbrunn-apotheke.at\/katalog\/wp-json\/wp\/v2\/product_tag?post=161563"}],"curies":[{"name":"wp","href":"https:\/\/api.w.org\/{rel}","templated":true}]}}