{"id":161557,"date":"2025-12-08T13:12:50","date_gmt":"2025-12-08T12:12:50","guid":{"rendered":"https:\/\/www.ernstbrunn-apotheke.at\/katalog\/?post_type=product&#038;p=161557"},"modified":"2025-12-08T14:12:27","modified_gmt":"2025-12-08T13:12:27","slug":"3m-cavilon-lolly-5-stk-3-ml","status":"publish","type":"product","link":"https:\/\/www.ernstbrunn-apotheke.at\/katalog\/produkt\/3m-cavilon-lolly-5-stk-3-ml\/","title":{"rendered":"3M Cavilon Lolly 5 Stk. 3 ml"},"content":{"rendered":"<p>Melasan\u00ae bietet Nahrungserg\u00e4nzungsmittel auf Basis der orthomolekularen Medizin, die dem Bed\u00fcrfnis nach mehr Vitalit\u00e4t und Wohlbefinden in jedem Lebensalter entsprechen. Die orthomolekulare Medizin tr\u00e4gt zur Erhaltung guter Gesundheit bei und unterst\u00fctzt den K\u00f6rper bei der Behandlung von Krankheiten, insbesondere durch Ver\u00e4nderung von Substanzen, die schon im K\u00f6rper vorhanden und f\u00fcr die Gesundheit erforderlich sind. In bedingtem Ma\u00dfe ist also die orthomolekulare Medizin auch eine Ern\u00e4hrungsmedizin.<\/p>\n","protected":false},"excerpt":{"rendered":"<p>Melasan\u00ae bietet Nahrungserg\u00e4nzungsmittel auf Basis der orthomolekularen Medizin, die dem Bed\u00fcrfnis nach mehr Vitalit\u00e4t und Wohlbefinden in jedem Lebensalter entsprechen. Die orthomolekulare Medizin tr\u00e4gt zur Erhaltung guter Gesundheit bei und unterst\u00fctzt den K\u00f6rper bei der Behandlung von Krankheiten, insbesondere durch Ver\u00e4nderung von Substanzen, die schon im K\u00f6rper vorhanden und f\u00fcr die Gesundheit erforderlich sind. In [&hellip;]<\/p>\n","protected":false},"featured_media":0,"template":"","meta":{"_acf_changed":false},"product_brand":[373],"product_cat":[982],"product_tag":[],"class_list":{"0":"post-161557","1":"product","2":"type-product","3":"status-publish","5":"product_brand-melasan","6":"product_cat-982","7":"pa_packungsgroesse-250ml","9":"first","10":"instock","11":"shipping-taxable","12":"purchasable","13":"product-type-simple"},"acf":[],"_links":{"self":[{"href":"https:\/\/www.ernstbrunn-apotheke.at\/katalog\/wp-json\/wp\/v2\/product\/161557","targetHints":{"allow":["GET"]}}],"collection":[{"href":"https:\/\/www.ernstbrunn-apotheke.at\/katalog\/wp-json\/wp\/v2\/product"}],"about":[{"href":"https:\/\/www.ernstbrunn-apotheke.at\/katalog\/wp-json\/wp\/v2\/types\/product"}],"wp:attachment":[{"href":"https:\/\/www.ernstbrunn-apotheke.at\/katalog\/wp-json\/wp\/v2\/media?parent=161557"}],"wp:term":[{"taxonomy":"product_brand","embeddable":true,"href":"https:\/\/www.ernstbrunn-apotheke.at\/katalog\/wp-json\/wp\/v2\/product_brand?post=161557"},{"taxonomy":"product_cat","embeddable":true,"href":"https:\/\/www.ernstbrunn-apotheke.at\/katalog\/wp-json\/wp\/v2\/product_cat?post=161557"},{"taxonomy":"product_tag","embeddable":true,"href":"https:\/\/www.ernstbrunn-apotheke.at\/katalog\/wp-json\/wp\/v2\/product_tag?post=161557"}],"curies":[{"name":"wp","href":"https:\/\/api.w.org\/{rel}","templated":true}]}}