{"id":161497,"date":"2025-12-05T14:47:26","date_gmt":"2025-12-05T13:47:26","guid":{"rendered":"https:\/\/www.ernstbrunn-apotheke.at\/katalog\/?post_type=product&#038;p=161497"},"modified":"2025-12-08T14:09:51","modified_gmt":"2025-12-08T13:09:51","slug":"bepanthen-schaumspray","status":"publish","type":"product","link":"https:\/\/www.ernstbrunn-apotheke.at\/katalog\/produkt\/bepanthen-schaumspray\/","title":{"rendered":"Bepanthen\u00ae Schaumspray"},"content":{"rendered":"<p>Bepanthen\u00ae Schaumspray wurde gezielt entwickelt, um die Haut nach leichten Verbrennungen sofort zu k\u00fchlen und ihr nachhaltig Feuchtigkeit zuzuf\u00fchren. Dank der innovativen Nanosorb\u2122-Technologie, werden die Inhaltsstoffe in Form winziger Tr\u00f6pfchen bereitgestellt, die den Kontakt mit der Haut verbessern und intensivieren. Dies erm\u00f6glicht eine rasche Aufnahme von Feuchtigkeit durch die Haut. Dadurch wird der nat\u00fcrliche Heilungsprozess unterst\u00fctzt und die Hautreizung gelindert &#8211; dieses und viele weitere Produkte von Bayer dauerhaft preisreduziert bestellen!<\/p>\n","protected":false},"excerpt":{"rendered":"<p>Bepanthen\u00ae Schaumspray wurde gezielt entwickelt, um die Haut nach leichten Verbrennungen sofort zu k\u00fchlen und ihr nachhaltig Feuchtigkeit zuzuf\u00fchren. Dank der innovativen Nanosorb\u2122-Technologie, werden die Inhaltsstoffe in Form winziger Tr\u00f6pfchen bereitgestellt, die den Kontakt mit der Haut verbessern und intensivieren. Dies erm\u00f6glicht eine rasche Aufnahme von Feuchtigkeit durch die Haut. Dadurch wird der nat\u00fcrliche Heilungsprozess [&hellip;]<\/p>\n","protected":false},"featured_media":0,"template":"","meta":{"_acf_changed":false},"product_brand":[489],"product_cat":[802],"product_tag":[],"class_list":{"0":"post-161497","1":"product","2":"type-product","3":"status-publish","5":"product_brand-bepanthen","6":"product_cat-b","7":"pa_packungsgroesse-75ml","9":"first","10":"instock","11":"shipping-taxable","12":"purchasable","13":"product-type-simple"},"acf":[],"_links":{"self":[{"href":"https:\/\/www.ernstbrunn-apotheke.at\/katalog\/wp-json\/wp\/v2\/product\/161497","targetHints":{"allow":["GET"]}}],"collection":[{"href":"https:\/\/www.ernstbrunn-apotheke.at\/katalog\/wp-json\/wp\/v2\/product"}],"about":[{"href":"https:\/\/www.ernstbrunn-apotheke.at\/katalog\/wp-json\/wp\/v2\/types\/product"}],"wp:attachment":[{"href":"https:\/\/www.ernstbrunn-apotheke.at\/katalog\/wp-json\/wp\/v2\/media?parent=161497"}],"wp:term":[{"taxonomy":"product_brand","embeddable":true,"href":"https:\/\/www.ernstbrunn-apotheke.at\/katalog\/wp-json\/wp\/v2\/product_brand?post=161497"},{"taxonomy":"product_cat","embeddable":true,"href":"https:\/\/www.ernstbrunn-apotheke.at\/katalog\/wp-json\/wp\/v2\/product_cat?post=161497"},{"taxonomy":"product_tag","embeddable":true,"href":"https:\/\/www.ernstbrunn-apotheke.at\/katalog\/wp-json\/wp\/v2\/product_tag?post=161497"}],"curies":[{"name":"wp","href":"https:\/\/api.w.org\/{rel}","templated":true}]}}