{"id":161494,"date":"2025-12-05T14:23:04","date_gmt":"2025-12-05T13:23:04","guid":{"rendered":"https:\/\/www.ernstbrunn-apotheke.at\/katalog\/?post_type=product&#038;p=161494"},"modified":"2025-12-08T14:07:56","modified_gmt":"2025-12-08T13:07:56","slug":"orthomol-flavon-m-kapseln-30-stk","status":"publish","type":"product","link":"https:\/\/www.ernstbrunn-apotheke.at\/katalog\/produkt\/orthomol-flavon-m-kapseln-30-stk\/","title":{"rendered":"Orthomol Flavon m Kapseln 30 Stk."},"content":{"rendered":"<p>Orthomol Flavon m\u00ae Kapseln 30 Stk. ist ein Nahrungserg\u00e4nzungsmittel speziell f\u00fcr den Mann. Es enth\u00e4lt wichtige Mikron\u00e4hrstoffe f\u00fcr den Zellschutz sowie Vitamin C, Vitamin E, Selen und Zink, die zum Schutz der Zellen vor oxidativem Stress beitragen. Vitamin C, Vitamin E, Selen und Zink tragen zum Schutz der Zellen vor oxidativem Stress bei. Vitamin C und Vitamin B12 leisten einen Beitrag zum normalen Energiestoffwechsel. Fols\u00e4ure, Vitamin B12, Vitamin C, Vitamin D, Selen und Zink tragen zu einer normalen Funktion des Immunsystems bei. Zink tr\u00e4gt zur Erhaltung eines normalen Testosteronspiegels im Blut bei. Selen und Zink tragen zur Erhaltung normaler Haare bei &#8211; jetzt bestellen!<\/p>\n","protected":false},"excerpt":{"rendered":"<p>Orthomol Flavon m\u00ae Kapseln 30 Stk. ist ein Nahrungserg\u00e4nzungsmittel speziell f\u00fcr den Mann. Es enth\u00e4lt wichtige Mikron\u00e4hrstoffe f\u00fcr den Zellschutz sowie Vitamin C, Vitamin E, Selen und Zink, die zum Schutz der Zellen vor oxidativem Stress beitragen. Vitamin C, Vitamin E, Selen und Zink tragen zum Schutz der Zellen vor oxidativem Stress bei. Vitamin C [&hellip;]<\/p>\n","protected":false},"featured_media":0,"template":"","meta":{"_acf_changed":false},"product_brand":[387],"product_cat":[819],"product_tag":[],"class_list":{"0":"post-161494","1":"product","2":"type-product","3":"status-publish","5":"product_brand-orthomol","6":"product_cat-o","7":"pa_packungsgroesse-30-stueck","9":"first","10":"instock","11":"shipping-taxable","12":"purchasable","13":"product-type-simple"},"acf":[],"_links":{"self":[{"href":"https:\/\/www.ernstbrunn-apotheke.at\/katalog\/wp-json\/wp\/v2\/product\/161494","targetHints":{"allow":["GET"]}}],"collection":[{"href":"https:\/\/www.ernstbrunn-apotheke.at\/katalog\/wp-json\/wp\/v2\/product"}],"about":[{"href":"https:\/\/www.ernstbrunn-apotheke.at\/katalog\/wp-json\/wp\/v2\/types\/product"}],"wp:attachment":[{"href":"https:\/\/www.ernstbrunn-apotheke.at\/katalog\/wp-json\/wp\/v2\/media?parent=161494"}],"wp:term":[{"taxonomy":"product_brand","embeddable":true,"href":"https:\/\/www.ernstbrunn-apotheke.at\/katalog\/wp-json\/wp\/v2\/product_brand?post=161494"},{"taxonomy":"product_cat","embeddable":true,"href":"https:\/\/www.ernstbrunn-apotheke.at\/katalog\/wp-json\/wp\/v2\/product_cat?post=161494"},{"taxonomy":"product_tag","embeddable":true,"href":"https:\/\/www.ernstbrunn-apotheke.at\/katalog\/wp-json\/wp\/v2\/product_tag?post=161494"}],"curies":[{"name":"wp","href":"https:\/\/api.w.org\/{rel}","templated":true}]}}