{"id":161484,"date":"2025-12-05T14:07:30","date_gmt":"2025-12-05T13:07:30","guid":{"rendered":"https:\/\/www.ernstbrunn-apotheke.at\/katalog\/?post_type=product&#038;p=161484"},"modified":"2025-12-08T14:09:50","modified_gmt":"2025-12-08T13:09:50","slug":"balneum-hermal-oelbad-badezusatz","status":"publish","type":"product","link":"https:\/\/www.ernstbrunn-apotheke.at\/katalog\/produkt\/balneum-hermal-oelbad-badezusatz\/","title":{"rendered":"Balneum Hermal \u00d6lbad Badezusatz"},"content":{"rendered":"<p>Balneum Hermal Badezusatz ist ein r\u00fcckfettendes medizinisches \u00d6lbad zur Bereitung von Teil-, Voll- und Duschb\u00e4dern. Der Badezusatz verteilt sich in Form von kleinen \u00d6ltropfen im Badewasser, so dass eine milchige Emulsion entsteht. Auf diese Weise f\u00fchrt Balneum Hermal Badezusatz in einer angenehmen Weise schon w\u00e4hrend des Badens zu einer R\u00fcckfettung der Haut.<\/p>\n","protected":false},"excerpt":{"rendered":"<p>Balneum Hermal Badezusatz ist ein r\u00fcckfettendes medizinisches \u00d6lbad zur Bereitung von Teil-, Voll- und Duschb\u00e4dern. Der Badezusatz verteilt sich in Form von kleinen \u00d6ltropfen im Badewasser, so dass eine milchige Emulsion entsteht. Auf diese Weise f\u00fchrt Balneum Hermal Badezusatz in einer angenehmen Weise schon w\u00e4hrend des Badens zu einer R\u00fcckfettung der Haut.<\/p>\n","protected":false},"featured_media":0,"template":"","meta":{"_acf_changed":false},"product_brand":[],"product_cat":[802],"product_tag":[],"class_list":{"0":"post-161484","1":"product","2":"type-product","3":"status-publish","5":"product_cat-b","6":"pa_packungsgroesse-1l","7":"pa_packungsgroesse-400ml","9":"first","10":"instock","11":"shipping-taxable","12":"purchasable","13":"product-type-simple"},"acf":[],"_links":{"self":[{"href":"https:\/\/www.ernstbrunn-apotheke.at\/katalog\/wp-json\/wp\/v2\/product\/161484","targetHints":{"allow":["GET"]}}],"collection":[{"href":"https:\/\/www.ernstbrunn-apotheke.at\/katalog\/wp-json\/wp\/v2\/product"}],"about":[{"href":"https:\/\/www.ernstbrunn-apotheke.at\/katalog\/wp-json\/wp\/v2\/types\/product"}],"wp:attachment":[{"href":"https:\/\/www.ernstbrunn-apotheke.at\/katalog\/wp-json\/wp\/v2\/media?parent=161484"}],"wp:term":[{"taxonomy":"product_brand","embeddable":true,"href":"https:\/\/www.ernstbrunn-apotheke.at\/katalog\/wp-json\/wp\/v2\/product_brand?post=161484"},{"taxonomy":"product_cat","embeddable":true,"href":"https:\/\/www.ernstbrunn-apotheke.at\/katalog\/wp-json\/wp\/v2\/product_cat?post=161484"},{"taxonomy":"product_tag","embeddable":true,"href":"https:\/\/www.ernstbrunn-apotheke.at\/katalog\/wp-json\/wp\/v2\/product_tag?post=161484"}],"curies":[{"name":"wp","href":"https:\/\/api.w.org\/{rel}","templated":true}]}}