{"id":161481,"date":"2025-12-05T14:02:58","date_gmt":"2025-12-05T13:02:58","guid":{"rendered":"https:\/\/www.ernstbrunn-apotheke.at\/katalog\/?post_type=product&#038;p=161481"},"modified":"2025-12-08T14:09:19","modified_gmt":"2025-12-08T13:09:19","slug":"aciclobene-fieberblasencreme-2-g","status":"publish","type":"product","link":"https:\/\/www.ernstbrunn-apotheke.at\/katalog\/produkt\/aciclobene-fieberblasencreme-2-g\/","title":{"rendered":"Aciclobene Fieberblasencreme 2 g"},"content":{"rendered":"<p>Aciclobene Fieberblasencreme 2 g enth\u00e4lt Virus-Hemmstoffe, die eine besonders hohe Aktivit\u00e4t gegen bestimmte Herpesviren aufweisen. Bei Fieberblasen (Herpes labialis) wird die betroffene Stelle bet\u00e4ubt und wenn fr\u00fchzeitig aufgetragen Spannungsgef\u00fchle und Juckreiz gehemmt.<\/p>\n","protected":false},"excerpt":{"rendered":"<p>Aciclobene Fieberblasencreme 2 g enth\u00e4lt Virus-Hemmstoffe, die eine besonders hohe Aktivit\u00e4t gegen bestimmte Herpesviren aufweisen. Bei Fieberblasen (Herpes labialis) wird die betroffene Stelle bet\u00e4ubt und wenn fr\u00fchzeitig aufgetragen Spannungsgef\u00fchle und Juckreiz gehemmt.<\/p>\n","protected":false},"featured_media":0,"template":"","meta":{"_acf_changed":false},"product_brand":[381],"product_cat":[801],"product_tag":[],"class_list":{"0":"post-161481","1":"product","2":"type-product","3":"status-publish","5":"product_brand-ratiopharm","6":"product_cat-a","7":"pa_packungsgroesse-2g","9":"first","10":"instock","11":"shipping-taxable","12":"purchasable","13":"product-type-simple"},"acf":[],"_links":{"self":[{"href":"https:\/\/www.ernstbrunn-apotheke.at\/katalog\/wp-json\/wp\/v2\/product\/161481","targetHints":{"allow":["GET"]}}],"collection":[{"href":"https:\/\/www.ernstbrunn-apotheke.at\/katalog\/wp-json\/wp\/v2\/product"}],"about":[{"href":"https:\/\/www.ernstbrunn-apotheke.at\/katalog\/wp-json\/wp\/v2\/types\/product"}],"wp:attachment":[{"href":"https:\/\/www.ernstbrunn-apotheke.at\/katalog\/wp-json\/wp\/v2\/media?parent=161481"}],"wp:term":[{"taxonomy":"product_brand","embeddable":true,"href":"https:\/\/www.ernstbrunn-apotheke.at\/katalog\/wp-json\/wp\/v2\/product_brand?post=161481"},{"taxonomy":"product_cat","embeddable":true,"href":"https:\/\/www.ernstbrunn-apotheke.at\/katalog\/wp-json\/wp\/v2\/product_cat?post=161481"},{"taxonomy":"product_tag","embeddable":true,"href":"https:\/\/www.ernstbrunn-apotheke.at\/katalog\/wp-json\/wp\/v2\/product_tag?post=161481"}],"curies":[{"name":"wp","href":"https:\/\/api.w.org\/{rel}","templated":true}]}}