{"id":161480,"date":"2025-12-05T14:01:56","date_gmt":"2025-12-05T13:01:56","guid":{"rendered":"https:\/\/www.ernstbrunn-apotheke.at\/katalog\/?post_type=product&#038;p=161480"},"modified":"2025-12-08T14:07:25","modified_gmt":"2025-12-08T13:07:25","slug":"orthomol-femin-kapseln","status":"publish","type":"product","link":"https:\/\/www.ernstbrunn-apotheke.at\/katalog\/produkt\/orthomol-femin-kapseln\/","title":{"rendered":"Orthomol Femin Kapseln"},"content":{"rendered":"<p>Orthomol Femin\u00ae Kapseln 60 Stk. ist ein Nahrungserg\u00e4nzungsmittel f\u00fcr Frauen in den Wechseljahren. Die Kapseln enthalten wichtige N\u00e4hrstoffe f\u00fcr normale Haut, Haare und N\u00e4gel.Biotin, Selen und Zink tragen zum Erhalt normaler Haare bei. Zudem leisten Biotin und Zink einen Beitrag zum Erhalt normaler Haut. Die Spurenelemente Selen und Zink tragen auch zum Erhalt normaler N\u00e4gel bei. Vitamin C tr\u00e4gt zur Kollagenbildung f\u00fcr eine normale Funktion der Haut und Knochen bei. Vitamin D und Zink leisten einen Beitrag zum Erhalt des normalen Knochens. Vitamin B6 tr\u00e4gt zur Regulierung der Hormont\u00e4tigkeit bei. Vitamin C, Vitamin B6, Vitamin B12, Pantothens\u00e4ure und Biotin tragen zum normalen Energiestoffwechsel bei &#8211; jetzt alle Produkte von Orthomol bestellen.<\/p>\n","protected":false},"excerpt":{"rendered":"<p>Orthomol Femin\u00ae Kapseln 60 Stk. ist ein Nahrungserg\u00e4nzungsmittel f\u00fcr Frauen in den Wechseljahren. Die Kapseln enthalten wichtige N\u00e4hrstoffe f\u00fcr normale Haut, Haare und N\u00e4gel.Biotin, Selen und Zink tragen zum Erhalt normaler Haare bei. Zudem leisten Biotin und Zink einen Beitrag zum Erhalt normaler Haut. Die Spurenelemente Selen und Zink tragen auch zum Erhalt normaler N\u00e4gel [&hellip;]<\/p>\n","protected":false},"featured_media":0,"template":"","meta":{"_acf_changed":false},"product_brand":[387],"product_cat":[819],"product_tag":[],"class_list":{"0":"post-161480","1":"product","2":"type-product","3":"status-publish","5":"product_brand-orthomol","6":"product_cat-o","7":"pa_packungsgroesse-180-stueck","8":"pa_packungsgroesse-60-stueck","10":"first","11":"instock","12":"shipping-taxable","13":"purchasable","14":"product-type-simple"},"acf":[],"_links":{"self":[{"href":"https:\/\/www.ernstbrunn-apotheke.at\/katalog\/wp-json\/wp\/v2\/product\/161480","targetHints":{"allow":["GET"]}}],"collection":[{"href":"https:\/\/www.ernstbrunn-apotheke.at\/katalog\/wp-json\/wp\/v2\/product"}],"about":[{"href":"https:\/\/www.ernstbrunn-apotheke.at\/katalog\/wp-json\/wp\/v2\/types\/product"}],"wp:attachment":[{"href":"https:\/\/www.ernstbrunn-apotheke.at\/katalog\/wp-json\/wp\/v2\/media?parent=161480"}],"wp:term":[{"taxonomy":"product_brand","embeddable":true,"href":"https:\/\/www.ernstbrunn-apotheke.at\/katalog\/wp-json\/wp\/v2\/product_brand?post=161480"},{"taxonomy":"product_cat","embeddable":true,"href":"https:\/\/www.ernstbrunn-apotheke.at\/katalog\/wp-json\/wp\/v2\/product_cat?post=161480"},{"taxonomy":"product_tag","embeddable":true,"href":"https:\/\/www.ernstbrunn-apotheke.at\/katalog\/wp-json\/wp\/v2\/product_tag?post=161480"}],"curies":[{"name":"wp","href":"https:\/\/api.w.org\/{rel}","templated":true}]}}