{"id":161479,"date":"2025-12-05T14:00:53","date_gmt":"2025-12-05T13:00:53","guid":{"rendered":"https:\/\/www.ernstbrunn-apotheke.at\/katalog\/?post_type=product&#038;p=161479"},"modified":"2025-12-08T14:08:43","modified_gmt":"2025-12-08T13:08:43","slug":"orthomol-vital-m-tabletten-und-kapseln-30-stk","status":"publish","type":"product","link":"https:\/\/www.ernstbrunn-apotheke.at\/katalog\/produkt\/orthomol-vital-m-tabletten-und-kapseln-30-stk\/","title":{"rendered":"Orthomol Vital m Tabletten und Kapseln 30 Stk."},"content":{"rendered":"<p>Orthomol Vital m\u00ae Tabletten und Kapseln 30 Stk. ist ein Nahrungserg\u00e4nzungsmittel mit wichtigen Mikron\u00e4hrstoffen f\u00fcr Nervensystem und Energiestoffwechsel. Die Nahrungserg\u00e4nzung tr\u00e4gt zur Verringerung von M\u00fcdigkeit und Ersch\u00f6pfung sowie zu einem normalen Energiestoffwechsel bei. Zink, Selen, Kupfer und Mangan tragen dazu bei, die Zellen vor oxidativem Stress zu sch\u00fctzen. Die Omega-3-Fetts\u00e4uren EPA und DHA tragen zu einer normalen Herzfunktion bei. Die positive Wirkung stellt sich bei einer t\u00e4glichen Aufnahme von 250 mg EPA und DHA ein.<\/p>\n","protected":false},"excerpt":{"rendered":"<p>Orthomol Vital m\u00ae Tabletten und Kapseln 30 Stk. ist ein Nahrungserg\u00e4nzungsmittel mit wichtigen Mikron\u00e4hrstoffen f\u00fcr Nervensystem und Energiestoffwechsel. Die Nahrungserg\u00e4nzung tr\u00e4gt zur Verringerung von M\u00fcdigkeit und Ersch\u00f6pfung sowie zu einem normalen Energiestoffwechsel bei. Zink, Selen, Kupfer und Mangan tragen dazu bei, die Zellen vor oxidativem Stress zu sch\u00fctzen. Die Omega-3-Fetts\u00e4uren EPA und DHA tragen zu [&hellip;]<\/p>\n","protected":false},"featured_media":0,"template":"","meta":{"_acf_changed":false},"product_brand":[387],"product_cat":[819],"product_tag":[],"class_list":{"0":"post-161479","1":"product","2":"type-product","3":"status-publish","5":"product_brand-orthomol","6":"product_cat-o","7":"pa_geschmack-orange","8":"pa_packungsgroesse-30-stueck","10":"first","11":"instock","12":"shipping-taxable","13":"purchasable","14":"product-type-simple"},"acf":[],"_links":{"self":[{"href":"https:\/\/www.ernstbrunn-apotheke.at\/katalog\/wp-json\/wp\/v2\/product\/161479","targetHints":{"allow":["GET"]}}],"collection":[{"href":"https:\/\/www.ernstbrunn-apotheke.at\/katalog\/wp-json\/wp\/v2\/product"}],"about":[{"href":"https:\/\/www.ernstbrunn-apotheke.at\/katalog\/wp-json\/wp\/v2\/types\/product"}],"wp:attachment":[{"href":"https:\/\/www.ernstbrunn-apotheke.at\/katalog\/wp-json\/wp\/v2\/media?parent=161479"}],"wp:term":[{"taxonomy":"product_brand","embeddable":true,"href":"https:\/\/www.ernstbrunn-apotheke.at\/katalog\/wp-json\/wp\/v2\/product_brand?post=161479"},{"taxonomy":"product_cat","embeddable":true,"href":"https:\/\/www.ernstbrunn-apotheke.at\/katalog\/wp-json\/wp\/v2\/product_cat?post=161479"},{"taxonomy":"product_tag","embeddable":true,"href":"https:\/\/www.ernstbrunn-apotheke.at\/katalog\/wp-json\/wp\/v2\/product_tag?post=161479"}],"curies":[{"name":"wp","href":"https:\/\/api.w.org\/{rel}","templated":true}]}}