{"id":161474,"date":"2025-12-05T13:48:40","date_gmt":"2025-12-05T12:48:40","guid":{"rendered":"https:\/\/www.ernstbrunn-apotheke.at\/katalog\/?post_type=product&#038;p=161474"},"modified":"2025-12-08T14:12:43","modified_gmt":"2025-12-08T13:12:43","slug":"pelsano-hautschutzcreme-100-ml","status":"publish","type":"product","link":"https:\/\/www.ernstbrunn-apotheke.at\/katalog\/produkt\/pelsano-hautschutzcreme-100-ml\/","title":{"rendered":"Pelsano Hautschutzcreme 100 ml"},"content":{"rendered":"<p>Pelsano Hautschutzcreme sch\u00fctzt vor Wind und Wetter und beugt rauher Haut vor. Die Creme ist reich an r\u00fcckfettenden und pflegenden vegetabilen \u00d6len und sorgt F\u00fcr einen samtigen, sch\u00fctzenden Film auf der Haut..<\/p>\n","protected":false},"excerpt":{"rendered":"<p>Pelsano Hautschutzcreme sch\u00fctzt vor Wind und Wetter und beugt rauher Haut vor. Die Creme ist reich an r\u00fcckfettenden und pflegenden vegetabilen \u00d6len und sorgt F\u00fcr einen samtigen, sch\u00fctzenden Film auf der Haut..<\/p>\n","protected":false},"featured_media":0,"template":"","meta":{"_acf_changed":false},"product_brand":[],"product_cat":[793],"product_tag":[],"class_list":{"0":"post-161474","1":"product","2":"type-product","3":"status-publish","5":"product_cat-p","6":"pa_packungsgroesse-100ml","8":"first","9":"instock","10":"shipping-taxable","11":"purchasable","12":"product-type-simple"},"acf":[],"_links":{"self":[{"href":"https:\/\/www.ernstbrunn-apotheke.at\/katalog\/wp-json\/wp\/v2\/product\/161474","targetHints":{"allow":["GET"]}}],"collection":[{"href":"https:\/\/www.ernstbrunn-apotheke.at\/katalog\/wp-json\/wp\/v2\/product"}],"about":[{"href":"https:\/\/www.ernstbrunn-apotheke.at\/katalog\/wp-json\/wp\/v2\/types\/product"}],"wp:attachment":[{"href":"https:\/\/www.ernstbrunn-apotheke.at\/katalog\/wp-json\/wp\/v2\/media?parent=161474"}],"wp:term":[{"taxonomy":"product_brand","embeddable":true,"href":"https:\/\/www.ernstbrunn-apotheke.at\/katalog\/wp-json\/wp\/v2\/product_brand?post=161474"},{"taxonomy":"product_cat","embeddable":true,"href":"https:\/\/www.ernstbrunn-apotheke.at\/katalog\/wp-json\/wp\/v2\/product_cat?post=161474"},{"taxonomy":"product_tag","embeddable":true,"href":"https:\/\/www.ernstbrunn-apotheke.at\/katalog\/wp-json\/wp\/v2\/product_tag?post=161474"}],"curies":[{"name":"wp","href":"https:\/\/api.w.org\/{rel}","templated":true}]}}