{"id":161466,"date":"2025-12-05T13:12:09","date_gmt":"2025-12-05T12:12:09","guid":{"rendered":"https:\/\/www.ernstbrunn-apotheke.at\/katalog\/?post_type=product&#038;p=161466"},"modified":"2025-12-08T14:10:05","modified_gmt":"2025-12-08T13:10:05","slug":"sterillium-haende-desinfektionsmittel-2","status":"publish","type":"product","link":"https:\/\/www.ernstbrunn-apotheke.at\/katalog\/produkt\/sterillium-haende-desinfektionsmittel-2\/","title":{"rendered":"Sterillium H\u00e4nde-Desinfektionsmittel"},"content":{"rendered":"<p>BODE Sterillium L\u00f6sung versichert eine hygienische und chirurgische H\u00e4ndedesinfektion. Es wirkt als Hautdesinfektion vor Injektionen und Punktionen jeglicher Art.<\/p>\n","protected":false},"excerpt":{"rendered":"<p>BODE Sterillium L\u00f6sung versichert eine hygienische und chirurgische H\u00e4ndedesinfektion. Es wirkt als Hautdesinfektion vor Injektionen und Punktionen jeglicher Art.<\/p>\n","protected":false},"featured_media":0,"template":"","meta":{"_acf_changed":false},"product_brand":[],"product_cat":[791],"product_tag":[],"class_list":{"0":"post-161466","1":"product","2":"type-product","3":"status-publish","5":"product_cat-s","6":"pa_packungsgroesse-100ml","7":"pa_packungsgroesse-1l","8":"pa_packungsgroesse-500ml","10":"first","11":"instock","12":"shipping-taxable","13":"purchasable","14":"product-type-simple"},"acf":[],"_links":{"self":[{"href":"https:\/\/www.ernstbrunn-apotheke.at\/katalog\/wp-json\/wp\/v2\/product\/161466","targetHints":{"allow":["GET"]}}],"collection":[{"href":"https:\/\/www.ernstbrunn-apotheke.at\/katalog\/wp-json\/wp\/v2\/product"}],"about":[{"href":"https:\/\/www.ernstbrunn-apotheke.at\/katalog\/wp-json\/wp\/v2\/types\/product"}],"wp:attachment":[{"href":"https:\/\/www.ernstbrunn-apotheke.at\/katalog\/wp-json\/wp\/v2\/media?parent=161466"}],"wp:term":[{"taxonomy":"product_brand","embeddable":true,"href":"https:\/\/www.ernstbrunn-apotheke.at\/katalog\/wp-json\/wp\/v2\/product_brand?post=161466"},{"taxonomy":"product_cat","embeddable":true,"href":"https:\/\/www.ernstbrunn-apotheke.at\/katalog\/wp-json\/wp\/v2\/product_cat?post=161466"},{"taxonomy":"product_tag","embeddable":true,"href":"https:\/\/www.ernstbrunn-apotheke.at\/katalog\/wp-json\/wp\/v2\/product_tag?post=161466"}],"curies":[{"name":"wp","href":"https:\/\/api.w.org\/{rel}","templated":true}]}}