{"id":161465,"date":"2025-12-05T13:06:11","date_gmt":"2025-12-05T12:06:11","guid":{"rendered":"https:\/\/www.ernstbrunn-apotheke.at\/katalog\/?post_type=product&#038;p=161465"},"modified":"2025-12-08T14:12:48","modified_gmt":"2025-12-08T13:12:48","slug":"melasan-gruene-mineralerde-pulver-800-g","status":"publish","type":"product","link":"https:\/\/www.ernstbrunn-apotheke.at\/katalog\/produkt\/melasan-gruene-mineralerde-pulver-800-g\/","title":{"rendered":"Melasan Gr\u00fcne Mineralerde Pulver 800 g"},"content":{"rendered":"<p>Melasan Gr\u00fcne Mineralerde Pulver 800 g reinigt den K\u00f6rper von innen, wirkt kl\u00e4rend bei Hautunreinheiten und eignet sich ideal als Maske, Pflaster &#038; Umschlag.<\/p>\n","protected":false},"excerpt":{"rendered":"<p>Melasan Gr\u00fcne Mineralerde Pulver 800 g reinigt den K\u00f6rper von innen, wirkt kl\u00e4rend bei Hautunreinheiten und eignet sich ideal als Maske, Pflaster &#038; Umschlag.<\/p>\n","protected":false},"featured_media":0,"template":"","meta":{"_acf_changed":false},"product_brand":[373],"product_cat":[800],"product_tag":[],"class_list":{"0":"post-161465","1":"product","2":"type-product","3":"status-publish","5":"product_brand-melasan","6":"product_cat-m","7":"pa_packungsgroesse-800g","9":"first","10":"instock","11":"shipping-taxable","12":"purchasable","13":"product-type-simple"},"acf":[],"_links":{"self":[{"href":"https:\/\/www.ernstbrunn-apotheke.at\/katalog\/wp-json\/wp\/v2\/product\/161465","targetHints":{"allow":["GET"]}}],"collection":[{"href":"https:\/\/www.ernstbrunn-apotheke.at\/katalog\/wp-json\/wp\/v2\/product"}],"about":[{"href":"https:\/\/www.ernstbrunn-apotheke.at\/katalog\/wp-json\/wp\/v2\/types\/product"}],"wp:attachment":[{"href":"https:\/\/www.ernstbrunn-apotheke.at\/katalog\/wp-json\/wp\/v2\/media?parent=161465"}],"wp:term":[{"taxonomy":"product_brand","embeddable":true,"href":"https:\/\/www.ernstbrunn-apotheke.at\/katalog\/wp-json\/wp\/v2\/product_brand?post=161465"},{"taxonomy":"product_cat","embeddable":true,"href":"https:\/\/www.ernstbrunn-apotheke.at\/katalog\/wp-json\/wp\/v2\/product_cat?post=161465"},{"taxonomy":"product_tag","embeddable":true,"href":"https:\/\/www.ernstbrunn-apotheke.at\/katalog\/wp-json\/wp\/v2\/product_tag?post=161465"}],"curies":[{"name":"wp","href":"https:\/\/api.w.org\/{rel}","templated":true}]}}