{"id":161448,"date":"2025-12-05T11:40:34","date_gmt":"2025-12-05T10:40:34","guid":{"rendered":"https:\/\/www.ernstbrunn-apotheke.at\/katalog\/?post_type=product&#038;p=161448"},"modified":"2025-12-08T14:10:51","modified_gmt":"2025-12-08T13:10:51","slug":"apm-creme-60-ml","status":"publish","type":"product","link":"https:\/\/www.ernstbrunn-apotheke.at\/katalog\/produkt\/apm-creme-60-ml\/","title":{"rendered":"APM Creme 60 ml"},"content":{"rendered":"<p>APM Creme ist von der Zusammensetzung her eine Salbengrundlage und eignet sich besonders f\u00fcr den Einsatz in der AKUPUNKT-MASSAGE nach Penzel (APM). Die Creme schmiert und fettet nicht, ist sauber und angenehm in der Anwendung. Die Creme ist vollkommen frei von Farb- und Duftstoffen. Beim Eincremen gr\u00f6\u00dferer Hautfl\u00e4chen empfiehlt es sich, die Haut vorher mit Wasser anzufeuchten.<\/p>\n","protected":false},"excerpt":{"rendered":"<p>APM Creme ist von der Zusammensetzung her eine Salbengrundlage und eignet sich besonders f\u00fcr den Einsatz in der AKUPUNKT-MASSAGE nach Penzel (APM). Die Creme schmiert und fettet nicht, ist sauber und angenehm in der Anwendung. Die Creme ist vollkommen frei von Farb- und Duftstoffen. Beim Eincremen gr\u00f6\u00dferer Hautfl\u00e4chen empfiehlt es sich, die Haut vorher mit [&hellip;]<\/p>\n","protected":false},"featured_media":0,"template":"","meta":{"_acf_changed":false},"product_brand":[],"product_cat":[801],"product_tag":[],"class_list":{"0":"post-161448","1":"product","2":"type-product","3":"status-publish","5":"product_cat-a","6":"pa_packungsgroesse-60ml","8":"first","9":"instock","10":"shipping-taxable","11":"purchasable","12":"product-type-simple"},"acf":[],"_links":{"self":[{"href":"https:\/\/www.ernstbrunn-apotheke.at\/katalog\/wp-json\/wp\/v2\/product\/161448","targetHints":{"allow":["GET"]}}],"collection":[{"href":"https:\/\/www.ernstbrunn-apotheke.at\/katalog\/wp-json\/wp\/v2\/product"}],"about":[{"href":"https:\/\/www.ernstbrunn-apotheke.at\/katalog\/wp-json\/wp\/v2\/types\/product"}],"wp:attachment":[{"href":"https:\/\/www.ernstbrunn-apotheke.at\/katalog\/wp-json\/wp\/v2\/media?parent=161448"}],"wp:term":[{"taxonomy":"product_brand","embeddable":true,"href":"https:\/\/www.ernstbrunn-apotheke.at\/katalog\/wp-json\/wp\/v2\/product_brand?post=161448"},{"taxonomy":"product_cat","embeddable":true,"href":"https:\/\/www.ernstbrunn-apotheke.at\/katalog\/wp-json\/wp\/v2\/product_cat?post=161448"},{"taxonomy":"product_tag","embeddable":true,"href":"https:\/\/www.ernstbrunn-apotheke.at\/katalog\/wp-json\/wp\/v2\/product_tag?post=161448"}],"curies":[{"name":"wp","href":"https:\/\/api.w.org\/{rel}","templated":true}]}}