{"id":161443,"date":"2025-11-07T11:08:50","date_gmt":"2025-11-07T10:08:50","guid":{"rendered":"https:\/\/www.ernstbrunn-apotheke.at\/katalog\/?post_type=product&#038;p=161443"},"modified":"2025-12-08T14:10:59","modified_gmt":"2025-12-08T13:10:59","slug":"kamillosan-mundspray","status":"publish","type":"product","link":"https:\/\/www.ernstbrunn-apotheke.at\/katalog\/produkt\/kamillosan-mundspray\/","title":{"rendered":"Kamillosan Mundspray"},"content":{"rendered":"<p>Kamillosan Mundspray ist ein pflanzliches Wundbehandlungsmittel mit den Wirkstoffen eines alkoholischen Kamillenbl\u00fctenauszuges, Pfefferminz\u00f6l und Anis\u00f6l und dient zur Anwendung in der Mundh\u00f6hle. Kamillosan enth\u00e4lt einen nat\u00fcrlichen Kamillenextrakt zur Behandlung von Katarrhen im Mund- und Rachenraum.<\/p>\n","protected":false},"excerpt":{"rendered":"<p>Kamillosan Mundspray ist ein pflanzliches Wundbehandlungsmittel mit den Wirkstoffen eines alkoholischen Kamillenbl\u00fctenauszuges, Pfefferminz\u00f6l und Anis\u00f6l und dient zur Anwendung in der Mundh\u00f6hle. Kamillosan enth\u00e4lt einen nat\u00fcrlichen Kamillenextrakt zur Behandlung von Katarrhen im Mund- und Rachenraum.<\/p>\n","protected":false},"featured_media":0,"template":"","meta":{"_acf_changed":false},"product_brand":[1575],"product_cat":[807],"product_tag":[],"class_list":{"0":"post-161443","1":"product","2":"type-product","3":"status-publish","5":"product_brand-kamillosan","6":"product_cat-k","7":"pa_packungsgroesse-30ml","9":"first","10":"instock","11":"shipping-taxable","12":"purchasable","13":"product-type-simple"},"acf":[],"_links":{"self":[{"href":"https:\/\/www.ernstbrunn-apotheke.at\/katalog\/wp-json\/wp\/v2\/product\/161443","targetHints":{"allow":["GET"]}}],"collection":[{"href":"https:\/\/www.ernstbrunn-apotheke.at\/katalog\/wp-json\/wp\/v2\/product"}],"about":[{"href":"https:\/\/www.ernstbrunn-apotheke.at\/katalog\/wp-json\/wp\/v2\/types\/product"}],"wp:attachment":[{"href":"https:\/\/www.ernstbrunn-apotheke.at\/katalog\/wp-json\/wp\/v2\/media?parent=161443"}],"wp:term":[{"taxonomy":"product_brand","embeddable":true,"href":"https:\/\/www.ernstbrunn-apotheke.at\/katalog\/wp-json\/wp\/v2\/product_brand?post=161443"},{"taxonomy":"product_cat","embeddable":true,"href":"https:\/\/www.ernstbrunn-apotheke.at\/katalog\/wp-json\/wp\/v2\/product_cat?post=161443"},{"taxonomy":"product_tag","embeddable":true,"href":"https:\/\/www.ernstbrunn-apotheke.at\/katalog\/wp-json\/wp\/v2\/product_tag?post=161443"}],"curies":[{"name":"wp","href":"https:\/\/api.w.org\/{rel}","templated":true}]}}