{"id":161440,"date":"2025-11-10T10:18:40","date_gmt":"2025-11-10T09:18:40","guid":{"rendered":"https:\/\/www.ernstbrunn-apotheke.at\/katalog\/?post_type=product&#038;p=161440"},"modified":"2025-12-08T14:10:06","modified_gmt":"2025-12-08T13:10:06","slug":"leukichtan-salbe-40-g","status":"publish","type":"product","link":"https:\/\/www.ernstbrunn-apotheke.at\/katalog\/produkt\/leukichtan-salbe-40-g\/","title":{"rendered":"Leukichtan Salbe 40 g"},"content":{"rendered":"<p>Leukichtan Salbe wirkt entz\u00fcndungshemmend, bakterienabwehrend sowie durchblutungs\u00adsteigernd und wird angewendet bei oberfl\u00e4chlichen entz\u00fcndlichen Hauterkrankungen und \u00e4lteren, nicht n\u00e4ssenden und m\u00e4\u00dfig superinfizierten Geschw\u00fcren der Haut.<\/p>\n","protected":false},"excerpt":{"rendered":"<p>Leukichtan Salbe wirkt entz\u00fcndungshemmend, bakterienabwehrend sowie durchblutungs\u00adsteigernd und wird angewendet bei oberfl\u00e4chlichen entz\u00fcndlichen Hauterkrankungen und \u00e4lteren, nicht n\u00e4ssenden und m\u00e4\u00dfig superinfizierten Geschw\u00fcren der Haut.<\/p>\n","protected":false},"featured_media":0,"template":"","meta":{"_acf_changed":false},"product_brand":[],"product_cat":[795],"product_tag":[],"class_list":{"0":"post-161440","1":"product","2":"type-product","3":"status-publish","5":"product_cat-l","6":"pa_packungsgroesse-40g","8":"first","9":"instock","10":"shipping-taxable","11":"purchasable","12":"product-type-simple"},"acf":[],"_links":{"self":[{"href":"https:\/\/www.ernstbrunn-apotheke.at\/katalog\/wp-json\/wp\/v2\/product\/161440","targetHints":{"allow":["GET"]}}],"collection":[{"href":"https:\/\/www.ernstbrunn-apotheke.at\/katalog\/wp-json\/wp\/v2\/product"}],"about":[{"href":"https:\/\/www.ernstbrunn-apotheke.at\/katalog\/wp-json\/wp\/v2\/types\/product"}],"wp:attachment":[{"href":"https:\/\/www.ernstbrunn-apotheke.at\/katalog\/wp-json\/wp\/v2\/media?parent=161440"}],"wp:term":[{"taxonomy":"product_brand","embeddable":true,"href":"https:\/\/www.ernstbrunn-apotheke.at\/katalog\/wp-json\/wp\/v2\/product_brand?post=161440"},{"taxonomy":"product_cat","embeddable":true,"href":"https:\/\/www.ernstbrunn-apotheke.at\/katalog\/wp-json\/wp\/v2\/product_cat?post=161440"},{"taxonomy":"product_tag","embeddable":true,"href":"https:\/\/www.ernstbrunn-apotheke.at\/katalog\/wp-json\/wp\/v2\/product_tag?post=161440"}],"curies":[{"name":"wp","href":"https:\/\/api.w.org\/{rel}","templated":true}]}}