{"id":161438,"date":"2025-11-10T10:14:46","date_gmt":"2025-11-10T09:14:46","guid":{"rendered":"https:\/\/www.ernstbrunn-apotheke.at\/katalog\/?post_type=product&#038;p=161438"},"modified":"2025-12-08T14:11:26","modified_gmt":"2025-12-08T13:11:26","slug":"silbernitrat-kaliumnitrat-aetzstaebchen-200-mm-elastisch-10-stk","status":"publish","type":"product","link":"https:\/\/www.ernstbrunn-apotheke.at\/katalog\/produkt\/silbernitrat-kaliumnitrat-aetzstaebchen-200-mm-elastisch-10-stk\/","title":{"rendered":"Silbernitrat-Kaliumnitrat \u00c4tzst\u00e4bchen 200 mm elastisch 10 Stk."},"content":{"rendered":"<p>Silbernitrat-Kaliumnitrat \u00c4tzst\u00e4bchen (200 mm elastisch) dienen zur Entfernung von \u00fcberschie\u00dfenden Gewebswucherungen, die bei heilenden Hautwunden auftreten k\u00f6nnen. So kommen sie etwa bei Operationsh\u00f6hlen mit Granulationspolypen, ebenso zur Behandlung von Warzen, die eindeutig als solche erkannt wurden, zum Einsatz. Nabelschnurreste bei Neugeborenen k\u00f6nnen ebenfalls mit unseren \u00c4tzst\u00e4bchen einfach entfernt werden.<\/p>\n","protected":false},"excerpt":{"rendered":"<p>Silbernitrat-Kaliumnitrat \u00c4tzst\u00e4bchen (200 mm elastisch) dienen zur Entfernung von \u00fcberschie\u00dfenden Gewebswucherungen, die bei heilenden Hautwunden auftreten k\u00f6nnen. So kommen sie etwa bei Operationsh\u00f6hlen mit Granulationspolypen, ebenso zur Behandlung von Warzen, die eindeutig als solche erkannt wurden, zum Einsatz. Nabelschnurreste bei Neugeborenen k\u00f6nnen ebenfalls mit unseren \u00c4tzst\u00e4bchen einfach entfernt werden.<\/p>\n","protected":false},"featured_media":0,"template":"","meta":{"_acf_changed":false},"product_brand":[],"product_cat":[791],"product_tag":[],"class_list":{"0":"post-161438","1":"product","2":"type-product","3":"status-publish","5":"product_cat-s","6":"pa_packungsgroesse-10-stueck","8":"first","9":"instock","10":"shipping-taxable","11":"purchasable","12":"product-type-simple"},"acf":[],"_links":{"self":[{"href":"https:\/\/www.ernstbrunn-apotheke.at\/katalog\/wp-json\/wp\/v2\/product\/161438","targetHints":{"allow":["GET"]}}],"collection":[{"href":"https:\/\/www.ernstbrunn-apotheke.at\/katalog\/wp-json\/wp\/v2\/product"}],"about":[{"href":"https:\/\/www.ernstbrunn-apotheke.at\/katalog\/wp-json\/wp\/v2\/types\/product"}],"wp:attachment":[{"href":"https:\/\/www.ernstbrunn-apotheke.at\/katalog\/wp-json\/wp\/v2\/media?parent=161438"}],"wp:term":[{"taxonomy":"product_brand","embeddable":true,"href":"https:\/\/www.ernstbrunn-apotheke.at\/katalog\/wp-json\/wp\/v2\/product_brand?post=161438"},{"taxonomy":"product_cat","embeddable":true,"href":"https:\/\/www.ernstbrunn-apotheke.at\/katalog\/wp-json\/wp\/v2\/product_cat?post=161438"},{"taxonomy":"product_tag","embeddable":true,"href":"https:\/\/www.ernstbrunn-apotheke.at\/katalog\/wp-json\/wp\/v2\/product_tag?post=161438"}],"curies":[{"name":"wp","href":"https:\/\/api.w.org\/{rel}","templated":true}]}}