{"id":161435,"date":"2025-11-07T10:04:46","date_gmt":"2025-11-07T09:04:46","guid":{"rendered":"https:\/\/www.ernstbrunn-apotheke.at\/katalog\/?post_type=product&#038;p=161435"},"modified":"2025-12-08T14:09:46","modified_gmt":"2025-12-08T13:09:46","slug":"vitawund-salbe","status":"publish","type":"product","link":"https:\/\/www.ernstbrunn-apotheke.at\/katalog\/produkt\/vitawund-salbe\/","title":{"rendered":"Vitawund Salbe"},"content":{"rendered":"<p>Vitawund ist eine Wund- und Heilsalbe und wird angewendet zur F\u00f6rderung der Wundheilung bei oberfl\u00e4chlichen Wunden aller Art mit Infektionsgefahr wie Sch\u00fcrf- und Kratzwunden, Hautreizungen und leichten kleinfl\u00e4chigen Verbrennungen.<\/p>\n","protected":false},"excerpt":{"rendered":"<p>Vitawund ist eine Wund- und Heilsalbe und wird angewendet zur F\u00f6rderung der Wundheilung bei oberfl\u00e4chlichen Wunden aller Art mit Infektionsgefahr wie Sch\u00fcrf- und Kratzwunden, Hautreizungen und leichten kleinfl\u00e4chigen Verbrennungen.<\/p>\n","protected":false},"featured_media":0,"template":"","meta":{"_acf_changed":false},"product_brand":[],"product_cat":[799],"product_tag":[],"class_list":{"0":"post-161435","1":"product","2":"type-product","3":"status-publish","5":"product_cat-v","6":"pa_packungsgroesse-100g","7":"pa_packungsgroesse-40g","9":"first","10":"instock","11":"shipping-taxable","12":"purchasable","13":"product-type-simple"},"acf":[],"_links":{"self":[{"href":"https:\/\/www.ernstbrunn-apotheke.at\/katalog\/wp-json\/wp\/v2\/product\/161435","targetHints":{"allow":["GET"]}}],"collection":[{"href":"https:\/\/www.ernstbrunn-apotheke.at\/katalog\/wp-json\/wp\/v2\/product"}],"about":[{"href":"https:\/\/www.ernstbrunn-apotheke.at\/katalog\/wp-json\/wp\/v2\/types\/product"}],"wp:attachment":[{"href":"https:\/\/www.ernstbrunn-apotheke.at\/katalog\/wp-json\/wp\/v2\/media?parent=161435"}],"wp:term":[{"taxonomy":"product_brand","embeddable":true,"href":"https:\/\/www.ernstbrunn-apotheke.at\/katalog\/wp-json\/wp\/v2\/product_brand?post=161435"},{"taxonomy":"product_cat","embeddable":true,"href":"https:\/\/www.ernstbrunn-apotheke.at\/katalog\/wp-json\/wp\/v2\/product_cat?post=161435"},{"taxonomy":"product_tag","embeddable":true,"href":"https:\/\/www.ernstbrunn-apotheke.at\/katalog\/wp-json\/wp\/v2\/product_tag?post=161435"}],"curies":[{"name":"wp","href":"https:\/\/api.w.org\/{rel}","templated":true}]}}