{"id":161433,"date":"2025-11-07T09:42:13","date_gmt":"2025-11-07T08:42:13","guid":{"rendered":"https:\/\/www.ernstbrunn-apotheke.at\/katalog\/?post_type=product&#038;p=161433"},"modified":"2025-12-08T14:10:48","modified_gmt":"2025-12-08T13:10:48","slug":"kelosoft-narbensalbe","status":"publish","type":"product","link":"https:\/\/www.ernstbrunn-apotheke.at\/katalog\/produkt\/kelosoft-narbensalbe\/","title":{"rendered":"Kelosoft Narbensalbe"},"content":{"rendered":"<p>Kelosoft Narbensalbe wird vorbeugend zur Verh\u00fctung \u00fcberm\u00e4\u00dfiger Narbenbildung und zur Behandlung von kosmetisch st\u00f6renden Narben verwendet. Dazu z\u00e4hlen etwa Narben in Folge von Operationen, Verbrennungen, Unf\u00e4llen und Hauttransplantationen.<\/p>\n","protected":false},"excerpt":{"rendered":"<p>Kelosoft Narbensalbe wird vorbeugend zur Verh\u00fctung \u00fcberm\u00e4\u00dfiger Narbenbildung und zur Behandlung von kosmetisch st\u00f6renden Narben verwendet. Dazu z\u00e4hlen etwa Narben in Folge von Operationen, Verbrennungen, Unf\u00e4llen und Hauttransplantationen.<\/p>\n","protected":false},"featured_media":0,"template":"","meta":{"_acf_changed":false},"product_brand":[],"product_cat":[807],"product_tag":[],"class_list":{"0":"post-161433","1":"product","2":"type-product","3":"status-publish","5":"product_cat-k","6":"pa_packungsgroesse-10g","7":"pa_packungsgroesse-25g","9":"first","10":"instock","11":"shipping-taxable","12":"purchasable","13":"product-type-simple"},"acf":[],"_links":{"self":[{"href":"https:\/\/www.ernstbrunn-apotheke.at\/katalog\/wp-json\/wp\/v2\/product\/161433","targetHints":{"allow":["GET"]}}],"collection":[{"href":"https:\/\/www.ernstbrunn-apotheke.at\/katalog\/wp-json\/wp\/v2\/product"}],"about":[{"href":"https:\/\/www.ernstbrunn-apotheke.at\/katalog\/wp-json\/wp\/v2\/types\/product"}],"wp:attachment":[{"href":"https:\/\/www.ernstbrunn-apotheke.at\/katalog\/wp-json\/wp\/v2\/media?parent=161433"}],"wp:term":[{"taxonomy":"product_brand","embeddable":true,"href":"https:\/\/www.ernstbrunn-apotheke.at\/katalog\/wp-json\/wp\/v2\/product_brand?post=161433"},{"taxonomy":"product_cat","embeddable":true,"href":"https:\/\/www.ernstbrunn-apotheke.at\/katalog\/wp-json\/wp\/v2\/product_cat?post=161433"},{"taxonomy":"product_tag","embeddable":true,"href":"https:\/\/www.ernstbrunn-apotheke.at\/katalog\/wp-json\/wp\/v2\/product_tag?post=161433"}],"curies":[{"name":"wp","href":"https:\/\/api.w.org\/{rel}","templated":true}]}}