{"id":161353,"date":"2025-11-17T20:33:13","date_gmt":"2025-11-17T19:33:13","guid":{"rendered":"https:\/\/www.ernstbrunn-apotheke.at\/katalog\/produkt\/ose-slim-pulver-metanorm\/"},"modified":"2025-12-09T11:48:34","modified_gmt":"2025-12-09T10:48:34","slug":"ose-slim-pulver-metanorm","status":"publish","type":"product","link":"https:\/\/www.ernstbrunn-apotheke.at\/katalog\/produkt\/ose-slim-pulver-metanorm\/","title":{"rendered":"OSE SLIM Pulver METANORM\u00ae"},"content":{"rendered":"<p>F\u00dcR OPTIMALEN SCHLANKHEITS-ERFOLG<br \/>MIT EAAs (ESS. AMINOS\u00c4UREN), BERBERIN &#038; MET\u041bNORM\u00ae-TURBO<\/p>\n<p><strong>Verzehrempfehlung:\u00a0<\/strong><\/p>\n<p>Vor der ersten Mahlzeit des Tages einen stark ge h\u00e4uften Messl\u00f6ffel in ein Glas geben, mit 250 ml Wasser auff\u00fcllen, gut umr\u00fchren und trinken. TIPP: L\u00f6st sich besonders gut in warmem Wasser.  <\/p>\n","protected":false},"excerpt":{"rendered":"<p>F\u00dcR OPTIMALEN SCHLANKHEITS-ERFOLGMIT EAAs (ESS. AMINOS\u00c4UREN), BERBERIN &#038; MET\u041bNORM\u00ae-TURBO Verzehrempfehlung:\u00a0 Vor der ersten Mahlzeit des Tages einen stark ge h\u00e4uften Messl\u00f6ffel in ein Glas geben, mit 250 ml Wasser auff\u00fcllen, gut umr\u00fchren und trinken. TIPP: L\u00f6st sich besonders gut in warmem Wasser.<\/p>\n","protected":false},"featured_media":161355,"template":"","meta":{"_acf_changed":false},"product_brand":[1375],"product_cat":[819],"product_tag":[],"class_list":{"0":"post-161353","1":"product","2":"type-product","3":"status-publish","4":"has-post-thumbnail","6":"product_brand-metanorm","7":"product_cat-o","8":"pa_packungsgroesse-160g","10":"first","11":"instock","12":"shipping-taxable","13":"purchasable","14":"product-type-simple"},"acf":[],"_links":{"self":[{"href":"https:\/\/www.ernstbrunn-apotheke.at\/katalog\/wp-json\/wp\/v2\/product\/161353","targetHints":{"allow":["GET"]}}],"collection":[{"href":"https:\/\/www.ernstbrunn-apotheke.at\/katalog\/wp-json\/wp\/v2\/product"}],"about":[{"href":"https:\/\/www.ernstbrunn-apotheke.at\/katalog\/wp-json\/wp\/v2\/types\/product"}],"wp:featuredmedia":[{"embeddable":true,"href":"https:\/\/www.ernstbrunn-apotheke.at\/katalog\/wp-json\/wp\/v2\/media\/161355"}],"wp:attachment":[{"href":"https:\/\/www.ernstbrunn-apotheke.at\/katalog\/wp-json\/wp\/v2\/media?parent=161353"}],"wp:term":[{"taxonomy":"product_brand","embeddable":true,"href":"https:\/\/www.ernstbrunn-apotheke.at\/katalog\/wp-json\/wp\/v2\/product_brand?post=161353"},{"taxonomy":"product_cat","embeddable":true,"href":"https:\/\/www.ernstbrunn-apotheke.at\/katalog\/wp-json\/wp\/v2\/product_cat?post=161353"},{"taxonomy":"product_tag","embeddable":true,"href":"https:\/\/www.ernstbrunn-apotheke.at\/katalog\/wp-json\/wp\/v2\/product_tag?post=161353"}],"curies":[{"name":"wp","href":"https:\/\/api.w.org\/{rel}","templated":true}]}}