{"id":161301,"date":"2025-11-17T20:32:38","date_gmt":"2025-11-17T19:32:38","guid":{"rendered":"https:\/\/www.ernstbrunn-apotheke.at\/katalog\/produkt\/puresgp-kollagen-peptide-pulver-300-g\/"},"modified":"2025-12-09T11:48:16","modified_gmt":"2025-12-09T10:48:16","slug":"puresgp-kollagen-peptide-pulver-300-g","status":"publish","type":"product","link":"https:\/\/www.ernstbrunn-apotheke.at\/katalog\/produkt\/puresgp-kollagen-peptide-pulver-300-g\/","title":{"rendered":"pureSGP Kollagen Peptide Pulver 300 g"},"content":{"rendered":"<p>Kollagen ist ein essenzielles Strukturprotein, das dem K\u00f6rper Stabilit\u00e4t\u00a0und Form verleiht. Es ist das am h\u00e4ufigsten vorkommende Protein im\u00a0menschlichen K\u00f6rper und spielt eine wichtige Rolle in der Haut, den\u00a0Knochen, Gelenken, Sehnen und anderen Bindegeweben. Ab dem 25.\u00a0Lebensjahr jedoch reduziert der K\u00f6rper die Kollagenproduktion, was<br \/>langfristig zu einem Kollagenmangel f\u00fchren kann. Die ersten Anzeichen\u00a0f\u00fcr diesen Mangel werden schnell sichtbar:<\/p>\n<p>&#13;<\/p>\n<p><strong>Gesichtsfalten und schlaffe Haut:<\/strong> Kollagen ist entscheidend f\u00fcr die\u00a0strukturelle Unterst\u00fctzung der Haut. Ein Mangel kann dazu f\u00fchren,\u00a0dass die Haut und das Bindegewebe an Elastizit\u00e4t verlieren und an\u00a0Festigkeit einb\u00fc\u00dfen. Dies manifestiert sich h\u00e4ufig durch die Bildung\u00a0von Gesichtsfalten oder Dellen auf der Haut \u2013 bekannt als Cellulite oder\u00a0\u201eOrangenhaut\u201c.<\/p>\n<p>&#13;<\/p>\n<p><strong>Br\u00fcchige N\u00e4gel und Haarausfall:<\/strong> Kollagen spielt eine entscheidende\u00a0Rolle in der Struktur von N\u00e4geln und Haaren. Ein Mangel an Kollagen\u00a0kann dazu f\u00fchren, dass die N\u00e4gel br\u00fcchig werden und schneller splittern. Die Haare k\u00f6nnen ebenso zunehmend abbrechen und an Dicke und\u00a0St\u00e4rke verlieren, was zu d\u00fcnnem und spr\u00f6dem Haar f\u00fchrt.<\/p>\n<p>&#13;<\/p>\n<p>Eine nachlassende Kollagenproduktion mit zunehmendem Alter ist ganz\u00a0normal und l\u00e4sst sich nicht aufhalten.\u00a0Eine ausreichende Kollagenversorgung ist aber entscheidend f\u00fcr ein strahlendes und frisches Aussehen. Ein hochwertiges\u00a0Kollagenpr\u00e4parat sollte allerdings immer Vitamin C beinhalten, da Vitamin C eine wichtige Rolle in der Kollagenbildung spielt.<\/p>\n","protected":false},"excerpt":{"rendered":"<p>Kollagen ist ein essenzielles Strukturprotein, das dem K\u00f6rper Stabilit\u00e4t\u00a0und Form verleiht. Es ist das am h\u00e4ufigsten vorkommende Protein im\u00a0menschlichen K\u00f6rper und spielt eine wichtige Rolle in der Haut, den\u00a0Knochen, Gelenken, Sehnen und anderen Bindegeweben. Ab dem 25.\u00a0Lebensjahr jedoch reduziert der K\u00f6rper die Kollagenproduktion, waslangfristig zu einem Kollagenmangel f\u00fchren kann. Die ersten Anzeichen\u00a0f\u00fcr diesen Mangel werden [&hellip;]<\/p>\n","protected":false},"featured_media":0,"template":"","meta":{"_acf_changed":false},"product_brand":[],"product_cat":[793],"product_tag":[],"class_list":{"0":"post-161301","1":"product","2":"type-product","3":"status-publish","5":"product_cat-p","6":"pa_packungsgroesse-300g","8":"first","9":"instock","10":"shipping-taxable","11":"purchasable","12":"product-type-simple"},"acf":[],"_links":{"self":[{"href":"https:\/\/www.ernstbrunn-apotheke.at\/katalog\/wp-json\/wp\/v2\/product\/161301","targetHints":{"allow":["GET"]}}],"collection":[{"href":"https:\/\/www.ernstbrunn-apotheke.at\/katalog\/wp-json\/wp\/v2\/product"}],"about":[{"href":"https:\/\/www.ernstbrunn-apotheke.at\/katalog\/wp-json\/wp\/v2\/types\/product"}],"wp:attachment":[{"href":"https:\/\/www.ernstbrunn-apotheke.at\/katalog\/wp-json\/wp\/v2\/media?parent=161301"}],"wp:term":[{"taxonomy":"product_brand","embeddable":true,"href":"https:\/\/www.ernstbrunn-apotheke.at\/katalog\/wp-json\/wp\/v2\/product_brand?post=161301"},{"taxonomy":"product_cat","embeddable":true,"href":"https:\/\/www.ernstbrunn-apotheke.at\/katalog\/wp-json\/wp\/v2\/product_cat?post=161301"},{"taxonomy":"product_tag","embeddable":true,"href":"https:\/\/www.ernstbrunn-apotheke.at\/katalog\/wp-json\/wp\/v2\/product_tag?post=161301"}],"curies":[{"name":"wp","href":"https:\/\/api.w.org\/{rel}","templated":true}]}}