{"id":161089,"date":"2025-11-17T20:29:04","date_gmt":"2025-11-17T19:29:04","guid":{"rendered":"https:\/\/www.ernstbrunn-apotheke.at\/katalog\/produkt\/mexaratio-200-mg-5-ml-sirup-100-ml\/"},"modified":"2025-12-09T11:47:16","modified_gmt":"2025-12-09T10:47:16","slug":"mexaratio-200-mg-5-ml-sirup-100-ml","status":"publish","type":"product","link":"https:\/\/www.ernstbrunn-apotheke.at\/katalog\/produkt\/mexaratio-200-mg-5-ml-sirup-100-ml\/","title":{"rendered":"Mexaratio 200 mg\/5 ml Sirup 100 ml"},"content":{"rendered":"<p>Mexaratio 200 mg\/5 ml Sirup enth\u00e4lt den schmerzstillenden und fiebersenkenden Wirkstoff Paracetamol. Das Produkt wird angewendet bei leichten bis m\u00e4\u00dfig starken Schmerzen (wie Kopfschmerzen, Zahnschmerzen, Regelschmerzen) sowie bei Fieber und Schmerzen bei Erk\u00e4ltungskrankheiten und grippalen Infekten.<\/p>\n","protected":false},"excerpt":{"rendered":"<p>Mexaratio 200 mg\/5 ml Sirup enth\u00e4lt den schmerzstillenden und fiebersenkenden Wirkstoff Paracetamol. Das Produkt wird angewendet bei leichten bis m\u00e4\u00dfig starken Schmerzen (wie Kopfschmerzen, Zahnschmerzen, Regelschmerzen) sowie bei Fieber und Schmerzen bei Erk\u00e4ltungskrankheiten und grippalen Infekten.<\/p>\n","protected":false},"featured_media":0,"template":"","meta":{"_acf_changed":false},"product_brand":[],"product_cat":[800],"product_tag":[],"class_list":{"0":"post-161089","1":"product","2":"type-product","3":"status-publish","5":"product_cat-m","6":"pa_packungsgroesse-100ml","8":"first","9":"instock","10":"shipping-taxable","11":"purchasable","12":"product-type-simple"},"acf":[],"_links":{"self":[{"href":"https:\/\/www.ernstbrunn-apotheke.at\/katalog\/wp-json\/wp\/v2\/product\/161089","targetHints":{"allow":["GET"]}}],"collection":[{"href":"https:\/\/www.ernstbrunn-apotheke.at\/katalog\/wp-json\/wp\/v2\/product"}],"about":[{"href":"https:\/\/www.ernstbrunn-apotheke.at\/katalog\/wp-json\/wp\/v2\/types\/product"}],"wp:attachment":[{"href":"https:\/\/www.ernstbrunn-apotheke.at\/katalog\/wp-json\/wp\/v2\/media?parent=161089"}],"wp:term":[{"taxonomy":"product_brand","embeddable":true,"href":"https:\/\/www.ernstbrunn-apotheke.at\/katalog\/wp-json\/wp\/v2\/product_brand?post=161089"},{"taxonomy":"product_cat","embeddable":true,"href":"https:\/\/www.ernstbrunn-apotheke.at\/katalog\/wp-json\/wp\/v2\/product_cat?post=161089"},{"taxonomy":"product_tag","embeddable":true,"href":"https:\/\/www.ernstbrunn-apotheke.at\/katalog\/wp-json\/wp\/v2\/product_tag?post=161089"}],"curies":[{"name":"wp","href":"https:\/\/api.w.org\/{rel}","templated":true}]}}