{"id":16093,"date":"2025-11-07T18:18:48","date_gmt":"2025-11-07T17:18:48","guid":{"rendered":"https:\/\/www.ernstbrunn-apotheke.at\/katalog\/produkt\/zistrosen-kapseln-extra-300-mg-plus-60-stk\/"},"modified":"2025-12-08T13:53:56","modified_gmt":"2025-12-08T12:53:56","slug":"zistrosen-kapseln-extra-300-mg-plus-60-stk","status":"publish","type":"product","link":"https:\/\/www.ernstbrunn-apotheke.at\/katalog\/produkt\/zistrosen-kapseln-extra-300-mg-plus-60-stk\/","title":{"rendered":"Zistrosen Kapseln Extra 300 mg Plus 60 Stk."},"content":{"rendered":"<p>Zistrosen Kapseln Extra 300 mg Plus werden traditionell bei diversen gesundheitlichen Beschwerden, wie zum Beispiel bei Erk\u00e4ltungskrankheiten, eingesetzt. Au\u00dferdem k\u00f6nnen sie vorbeugend zur Immunst\u00e4rkung und bei Durchfall und  zur Darmentgiftung eingesetzt werden. Auch bei entz\u00fcndlichen Hauterkrankungen und Akne eignen sich diese Kapseln hervorragend.<\/p>\n","protected":false},"excerpt":{"rendered":"<p>Zistrosen Kapseln Extra 300 mg Plus werden traditionell bei diversen gesundheitlichen Beschwerden, wie zum Beispiel bei Erk\u00e4ltungskrankheiten, eingesetzt. Au\u00dferdem k\u00f6nnen sie vorbeugend zur Immunst\u00e4rkung und bei Durchfall und zur Darmentgiftung eingesetzt werden. Auch bei entz\u00fcndlichen Hauterkrankungen und Akne eignen sich diese Kapseln hervorragend.<\/p>\n","protected":false},"featured_media":16095,"template":"","meta":{"_acf_changed":false},"product_brand":[],"product_cat":[803],"product_tag":[],"class_list":{"0":"post-16093","1":"product","2":"type-product","3":"status-publish","4":"has-post-thumbnail","6":"product_cat-z","7":"pa_packungsgroesse-60-stueck","9":"first","10":"instock","11":"shipping-taxable","12":"purchasable","13":"product-type-simple"},"acf":[],"_links":{"self":[{"href":"https:\/\/www.ernstbrunn-apotheke.at\/katalog\/wp-json\/wp\/v2\/product\/16093","targetHints":{"allow":["GET"]}}],"collection":[{"href":"https:\/\/www.ernstbrunn-apotheke.at\/katalog\/wp-json\/wp\/v2\/product"}],"about":[{"href":"https:\/\/www.ernstbrunn-apotheke.at\/katalog\/wp-json\/wp\/v2\/types\/product"}],"wp:featuredmedia":[{"embeddable":true,"href":"https:\/\/www.ernstbrunn-apotheke.at\/katalog\/wp-json\/wp\/v2\/media\/16095"}],"wp:attachment":[{"href":"https:\/\/www.ernstbrunn-apotheke.at\/katalog\/wp-json\/wp\/v2\/media?parent=16093"}],"wp:term":[{"taxonomy":"product_brand","embeddable":true,"href":"https:\/\/www.ernstbrunn-apotheke.at\/katalog\/wp-json\/wp\/v2\/product_brand?post=16093"},{"taxonomy":"product_cat","embeddable":true,"href":"https:\/\/www.ernstbrunn-apotheke.at\/katalog\/wp-json\/wp\/v2\/product_cat?post=16093"},{"taxonomy":"product_tag","embeddable":true,"href":"https:\/\/www.ernstbrunn-apotheke.at\/katalog\/wp-json\/wp\/v2\/product_tag?post=16093"}],"curies":[{"name":"wp","href":"https:\/\/api.w.org\/{rel}","templated":true}]}}