{"id":160899,"date":"2025-11-17T20:25:56","date_gmt":"2025-11-17T19:25:56","guid":{"rendered":"https:\/\/www.ernstbrunn-apotheke.at\/katalog\/produkt\/nisita-nasensalbe\/"},"modified":"2025-12-09T11:46:23","modified_gmt":"2025-12-09T10:46:23","slug":"nisita-nasensalbe","status":"publish","type":"product","link":"https:\/\/www.ernstbrunn-apotheke.at\/katalog\/produkt\/nisita-nasensalbe\/","title":{"rendered":"Nisita Nasensalbe"},"content":{"rendered":"<ul>\n<li>Befeuchtet und reinigt die Nasenschleimhaut<\/li>\n<li>L\u00f6st Borken und Krusten<\/li>\n<li>Unterst\u00fctzt die Regeneration der Nasenschleimhaut, z. B. bei Schnupfen oder Nasenbluten<\/li>\n<li>Wohltuender Geruch und angenehme Konsistenz<\/li>\n<\/ul>\n<p><strong>Wie wirkt Nisita\u00ae?<\/strong><\/p>\n<p>Die befeuchtende Wirkung von\u00a0Nisita\u00ae\u00a0entsteht durch das enthaltene Mineralsalz Natriumchlorid. Dieses erzeugt aufgrund seiner wasseranziehenden Wirkung ein feuchtes Milieu im Nasenraum.<\/p>\n<p>Das so entstehende feuchte Milieu unterst\u00fctzt die nat\u00fcrliche Bewegung der Flimmerh\u00e4rchen (Zilien) optimal. Durch die T\u00e4tigkeit der Flimmerh\u00e4rchen, die in st\u00e4ndiger Bewegung sind, werden die aufgenommenen Fremdk\u00f6rper (z. B. Staub, Schmutz, Krankheitserreger) wie auf einem F\u00f6rderband nach\u00a0au\u00dfen oder \u2013 \u00fcber den Rachen \u2013 zum Magen transportiert.<\/p>\n<p>So kann die Nase ihre Funktion wieder normal \u00fcbernehmen.<\/p>\n","protected":false},"excerpt":{"rendered":"<p>Befeuchtet und reinigt die Nasenschleimhaut L\u00f6st Borken und Krusten Unterst\u00fctzt die Regeneration der Nasenschleimhaut, z. B. bei Schnupfen oder Nasenbluten Wohltuender Geruch und angenehme Konsistenz Wie wirkt Nisita\u00ae? Die befeuchtende Wirkung von\u00a0Nisita\u00ae\u00a0entsteht durch das enthaltene Mineralsalz Natriumchlorid. Dieses erzeugt aufgrund seiner wasseranziehenden Wirkung ein feuchtes Milieu im Nasenraum. Das so entstehende feuchte Milieu unterst\u00fctzt die [&hellip;]<\/p>\n","protected":false},"featured_media":160901,"template":"","meta":{"_acf_changed":false},"product_brand":[1568],"product_cat":[797],"product_tag":[],"class_list":{"0":"post-160899","1":"product","2":"type-product","3":"status-publish","4":"has-post-thumbnail","6":"product_brand-nisita","7":"product_cat-n","8":"pa_packungsgroesse-10g","10":"first","11":"instock","12":"shipping-taxable","13":"purchasable","14":"product-type-simple"},"acf":[],"_links":{"self":[{"href":"https:\/\/www.ernstbrunn-apotheke.at\/katalog\/wp-json\/wp\/v2\/product\/160899","targetHints":{"allow":["GET"]}}],"collection":[{"href":"https:\/\/www.ernstbrunn-apotheke.at\/katalog\/wp-json\/wp\/v2\/product"}],"about":[{"href":"https:\/\/www.ernstbrunn-apotheke.at\/katalog\/wp-json\/wp\/v2\/types\/product"}],"wp:featuredmedia":[{"embeddable":true,"href":"https:\/\/www.ernstbrunn-apotheke.at\/katalog\/wp-json\/wp\/v2\/media\/160901"}],"wp:attachment":[{"href":"https:\/\/www.ernstbrunn-apotheke.at\/katalog\/wp-json\/wp\/v2\/media?parent=160899"}],"wp:term":[{"taxonomy":"product_brand","embeddable":true,"href":"https:\/\/www.ernstbrunn-apotheke.at\/katalog\/wp-json\/wp\/v2\/product_brand?post=160899"},{"taxonomy":"product_cat","embeddable":true,"href":"https:\/\/www.ernstbrunn-apotheke.at\/katalog\/wp-json\/wp\/v2\/product_cat?post=160899"},{"taxonomy":"product_tag","embeddable":true,"href":"https:\/\/www.ernstbrunn-apotheke.at\/katalog\/wp-json\/wp\/v2\/product_tag?post=160899"}],"curies":[{"name":"wp","href":"https:\/\/api.w.org\/{rel}","templated":true}]}}