{"id":160834,"date":"2025-11-17T20:23:56","date_gmt":"2025-11-17T19:23:56","guid":{"rendered":"https:\/\/www.ernstbrunn-apotheke.at\/katalog\/produkt\/kijimea-floracare-kapseln-56-stk\/"},"modified":"2025-12-09T11:46:11","modified_gmt":"2025-12-09T10:46:11","slug":"kijimea-floracare-kapseln-56-stk","status":"publish","type":"product","link":"https:\/\/www.ernstbrunn-apotheke.at\/katalog\/produkt\/kijimea-floracare-kapseln-56-stk\/","title":{"rendered":"Kijimea FloraCare Kapseln 56 Stk."},"content":{"rendered":"<p>Die Vaginalflora ist von unz\u00e4hligen Lactobacillusst\u00e4mmen besiedelt. Diese erf\u00fcllen eine entscheidende Schutzfunktion gegen potenziell sch\u00e4dliche Bakterien und Pilze. Aufgrund unterschiedlicher Faktoren, wie z. B. hormoneller\u00a0 Ver\u00e4nderungen, einer Antibiotika-Einnahme oder aber auch einer \u00fcberm\u00e4\u00dfigen Hygiene kann das Vaginalmikrobiom aus dem Gleichgewicht geraten.<\/p>\n<p>&#13;<\/p>\n<p>Mit 33 exakt aufeinander abgestimmten Lactobacillusst\u00e4mmen imitiert Kijimea\u00ae FloraCare das nat\u00fcrliche Vaginalmikrobiom in seiner Vielfalt und Vielzahl. Zus\u00e4tzlich enth\u00e4lt Kijimea\u00ae FloraCare die Vitamine B3 (Niacin), B2 (Riboflavin) und B7 (Biotin), welche zur Erhaltung einer normalen Vaginalschleimhaut beitragen.<\/p>\n","protected":false},"excerpt":{"rendered":"<p>Die Vaginalflora ist von unz\u00e4hligen Lactobacillusst\u00e4mmen besiedelt. Diese erf\u00fcllen eine entscheidende Schutzfunktion gegen potenziell sch\u00e4dliche Bakterien und Pilze. Aufgrund unterschiedlicher Faktoren, wie z. B. hormoneller\u00a0 Ver\u00e4nderungen, einer Antibiotika-Einnahme oder aber auch einer \u00fcberm\u00e4\u00dfigen Hygiene kann das Vaginalmikrobiom aus dem Gleichgewicht geraten. &#13; Mit 33 exakt aufeinander abgestimmten Lactobacillusst\u00e4mmen imitiert Kijimea\u00ae FloraCare das nat\u00fcrliche Vaginalmikrobiom in [&hellip;]<\/p>\n","protected":false},"featured_media":0,"template":"","meta":{"_acf_changed":false},"product_brand":[],"product_cat":[807],"product_tag":[],"class_list":{"0":"post-160834","1":"product","2":"type-product","3":"status-publish","5":"product_cat-k","6":"pa_packungsgroesse-56-stueck","8":"first","9":"instock","10":"shipping-taxable","11":"purchasable","12":"product-type-simple"},"acf":[],"_links":{"self":[{"href":"https:\/\/www.ernstbrunn-apotheke.at\/katalog\/wp-json\/wp\/v2\/product\/160834","targetHints":{"allow":["GET"]}}],"collection":[{"href":"https:\/\/www.ernstbrunn-apotheke.at\/katalog\/wp-json\/wp\/v2\/product"}],"about":[{"href":"https:\/\/www.ernstbrunn-apotheke.at\/katalog\/wp-json\/wp\/v2\/types\/product"}],"wp:attachment":[{"href":"https:\/\/www.ernstbrunn-apotheke.at\/katalog\/wp-json\/wp\/v2\/media?parent=160834"}],"wp:term":[{"taxonomy":"product_brand","embeddable":true,"href":"https:\/\/www.ernstbrunn-apotheke.at\/katalog\/wp-json\/wp\/v2\/product_brand?post=160834"},{"taxonomy":"product_cat","embeddable":true,"href":"https:\/\/www.ernstbrunn-apotheke.at\/katalog\/wp-json\/wp\/v2\/product_cat?post=160834"},{"taxonomy":"product_tag","embeddable":true,"href":"https:\/\/www.ernstbrunn-apotheke.at\/katalog\/wp-json\/wp\/v2\/product_tag?post=160834"}],"curies":[{"name":"wp","href":"https:\/\/api.w.org\/{rel}","templated":true}]}}