{"id":160830,"date":"2025-11-17T20:23:56","date_gmt":"2025-11-17T19:23:56","guid":{"rendered":"https:\/\/www.ernstbrunn-apotheke.at\/katalog\/produkt\/burgerstein-b50-aktiv-kapseln-30-stk\/"},"modified":"2025-12-09T11:46:09","modified_gmt":"2025-12-09T10:46:09","slug":"burgerstein-b50-aktiv-kapseln-30-stk","status":"publish","type":"product","link":"https:\/\/www.ernstbrunn-apotheke.at\/katalog\/produkt\/burgerstein-b50-aktiv-kapseln-30-stk\/","title":{"rendered":"Burgerstein B50 Aktiv Kapseln 30 Stk."},"content":{"rendered":"<h3>Mehr als Nervennahrung.<\/h3>\n<p>&#13;<\/p>\n<p>Der\u00a0<strong>neue B50 Aktiv Komplex<\/strong>\u00a0enth\u00e4lt alle 8 B-Vitamine, f\u00fcr eine\u00a0k\u00f6rperliche und mentale Gesundheit\/Leistungsf\u00e4higkeit. Die\u00a0<strong>neue Formulierung<\/strong>\u00a0zeichnet sich durch\u00a0<strong>aktivierte B-Vitamine<\/strong>\u00a0aus, welche eine bessere Bioverf\u00fcgbarkeit gew\u00e4hrleisten. Zus\u00e4tzlich wurde die Compliance verbessert und die\u00a0<strong>Tagesdosis in einer Kapsel\u00a0<\/strong>abgef\u00fcllt. Somit entf\u00e4llt die Teilung der Tablette bzw. die Einnahme nur jeden zweiten Tag.\u00a0<\/p>\n<p>&#13;<\/p>\n<p>Biotin(B7\/H), Niacin (B3), Thiamin (B1), Vitamin B12 und B6 tragen zu einem normalen Energiestoffwechsel, zu einer normalen Funktion des Nervensystems und zur normalen psychischen Funktion bei. Niacin (B3), Pantothens\u00e4ure (B5), Riboflavin (B2) und Vitamin B12 tragen zur Verringerung von M\u00fcdigkeit und Erm\u00fcdung bei. Biotin (B7\/H), Niacin (B3), Riboflavin (B2), Thiamin (B1), sowie Vitamin B12 und B6 tragen zu einer normalen Funktion des Nervensystems bei.<\/p>\n<p>&#13;<\/p>\n<p>Die meisten B-Vitamine k\u00f6nnen im K\u00f6rper nicht lange gespeichert werden, weil sie wasserl\u00f6slich sind. Sie sind im Stoffwechsel eng miteinander gekoppelt, ein isolierter Mangel eines einzelnen B-Vitamins ist nicht immer leicht von einem Mangel anderer B-Vitamine unterscheidbar. Daher erscheint in vielen F\u00e4llen eine Gabe des gesamten Vitamin-B Komplexes als Erg\u00e4nzung der Nahrung sinnvoll.\u00a0<\/p>\n<p>&#13;<\/p>\n<p>B50 Aktiv ist eine hoch dosierte Form mit allen B-Vitaminen und sollte in R\u00fccksprache mit Arzt oder Apotheker eingenommen werden. Nach einer Packung (eine Tablette nur jeden zweiten Tag), sollte zumindest eine sechsw\u00f6chige Pause eingelegt werden. Achten Sie darauf, \u00a0keine weiteren Produkte mit Vitamin B einzunehmen!\u00a0\u00a0<\/p>\n<p>&#13;<\/p>\n<p>Das Produkt ist f\u00fcr Veganer und Vegetarier geeignet.<\/p>\n","protected":false},"excerpt":{"rendered":"<p>Mehr als Nervennahrung. &#13; Der\u00a0neue B50 Aktiv Komplex\u00a0enth\u00e4lt alle 8 B-Vitamine, f\u00fcr eine\u00a0k\u00f6rperliche und mentale Gesundheit\/Leistungsf\u00e4higkeit. Die\u00a0neue Formulierung\u00a0zeichnet sich durch\u00a0aktivierte B-Vitamine\u00a0aus, welche eine bessere Bioverf\u00fcgbarkeit gew\u00e4hrleisten. Zus\u00e4tzlich wurde die Compliance verbessert und die\u00a0Tagesdosis in einer Kapsel\u00a0abgef\u00fcllt. Somit entf\u00e4llt die Teilung der Tablette bzw. die Einnahme nur jeden zweiten Tag.\u00a0 &#13; Biotin(B7\/H), Niacin (B3), Thiamin (B1), [&hellip;]<\/p>\n","protected":false},"featured_media":0,"template":"","meta":{"_acf_changed":false},"product_brand":[446],"product_cat":[802],"product_tag":[],"class_list":{"0":"post-160830","1":"product","2":"type-product","3":"status-publish","5":"product_brand-burgerstein","6":"product_cat-b","7":"pa_packungsgroesse-30-stueck","9":"first","10":"instock","11":"shipping-taxable","12":"purchasable","13":"product-type-simple"},"acf":[],"_links":{"self":[{"href":"https:\/\/www.ernstbrunn-apotheke.at\/katalog\/wp-json\/wp\/v2\/product\/160830","targetHints":{"allow":["GET"]}}],"collection":[{"href":"https:\/\/www.ernstbrunn-apotheke.at\/katalog\/wp-json\/wp\/v2\/product"}],"about":[{"href":"https:\/\/www.ernstbrunn-apotheke.at\/katalog\/wp-json\/wp\/v2\/types\/product"}],"wp:attachment":[{"href":"https:\/\/www.ernstbrunn-apotheke.at\/katalog\/wp-json\/wp\/v2\/media?parent=160830"}],"wp:term":[{"taxonomy":"product_brand","embeddable":true,"href":"https:\/\/www.ernstbrunn-apotheke.at\/katalog\/wp-json\/wp\/v2\/product_brand?post=160830"},{"taxonomy":"product_cat","embeddable":true,"href":"https:\/\/www.ernstbrunn-apotheke.at\/katalog\/wp-json\/wp\/v2\/product_cat?post=160830"},{"taxonomy":"product_tag","embeddable":true,"href":"https:\/\/www.ernstbrunn-apotheke.at\/katalog\/wp-json\/wp\/v2\/product_tag?post=160830"}],"curies":[{"name":"wp","href":"https:\/\/api.w.org\/{rel}","templated":true}]}}