{"id":160727,"date":"2025-11-17T20:21:43","date_gmt":"2025-11-17T19:21:43","guid":{"rendered":"https:\/\/www.ernstbrunn-apotheke.at\/katalog\/produkt\/dr-grandel-renew-essence\/"},"modified":"2025-12-09T11:45:46","modified_gmt":"2025-12-09T10:45:46","slug":"dr-grandel-renew-essence","status":"publish","type":"product","link":"https:\/\/www.ernstbrunn-apotheke.at\/katalog\/produkt\/dr-grandel-renew-essence\/","title":{"rendered":"Dr. Grandel  Renew Essence"},"content":{"rendered":"<h1>DR.GRANDEL BG RENEW ESSENCE<\/h1>\n<h1>verj\u00fcngendes Pflegekonzentrat<\/h1>\n<p>Wirkstoffserum f\u00fcr alle Hauttypen I verj\u00fcngt &#038; strafft<\/p>\n<p>Aktiviert das &#8218;Sch\u00f6nheitsgen&#8216; der Haut. Die BEAUTYGEN Renew Essence ist dank der leichten Textur f\u00fcr alle Hauttypen geeignet. Das Wirkstoffserum zieht schnell ein und hinterl\u00e4sst ein intensiv gepflegtes Hautgef\u00fchl. BEAUTYGEN Schneealgen Extrakt aktiviert das &#8218;Sch\u00f6nheitsgen&#8216; der Haut, sch\u00fctzt dadurch die kollagenen Fasern und sorgt so f\u00fcr bessere Elastizit\u00e4t. Zus\u00e4tzlich unterst\u00fctzen Anti Age Peptide die hauteigenen Reparaturprozesse und verlangsamen damit den Alterungsprozess. F\u00fcr ein verj\u00fcngtes, gestrafftes Hautbild.<\/p>\n<p><\/p>\n<p>Mit einem Fruchts\u00e4ure-Peeling k\u00f6nnen Sie noch schnellere und bessere Effekte erzielen. Tragen Sie Alpha Effect AHA Peeling 20 auf und lassen Sie es 10 Minuten einwirken. Danach tragen Sie Renew Essence auf. Wenn das Pflegekonzentrat eingezogen ist, schlie\u00dfen Sie Ihr Pflegeprogramm mit einer Pflegecreme ab.<\/p>\n","protected":false},"excerpt":{"rendered":"<p>DR.GRANDEL BG RENEW ESSENCE verj\u00fcngendes Pflegekonzentrat Wirkstoffserum f\u00fcr alle Hauttypen I verj\u00fcngt &#038; strafft Aktiviert das &#8218;Sch\u00f6nheitsgen&#8216; der Haut. Die BEAUTYGEN Renew Essence ist dank der leichten Textur f\u00fcr alle Hauttypen geeignet. Das Wirkstoffserum zieht schnell ein und hinterl\u00e4sst ein intensiv gepflegtes Hautgef\u00fchl. BEAUTYGEN Schneealgen Extrakt aktiviert das &#8218;Sch\u00f6nheitsgen&#8216; der Haut, sch\u00fctzt dadurch die kollagenen [&hellip;]<\/p>\n","protected":false},"featured_media":160729,"template":"","meta":{"_acf_changed":false},"product_brand":[703],"product_cat":[792],"product_tag":[],"class_list":{"0":"post-160727","1":"product","2":"type-product","3":"status-publish","4":"has-post-thumbnail","6":"product_brand-dr-grandel-kosmetik","7":"product_cat-d","8":"pa_packungsgroesse-30ml","10":"first","11":"instock","12":"shipping-taxable","13":"purchasable","14":"product-type-simple"},"acf":[],"_links":{"self":[{"href":"https:\/\/www.ernstbrunn-apotheke.at\/katalog\/wp-json\/wp\/v2\/product\/160727","targetHints":{"allow":["GET"]}}],"collection":[{"href":"https:\/\/www.ernstbrunn-apotheke.at\/katalog\/wp-json\/wp\/v2\/product"}],"about":[{"href":"https:\/\/www.ernstbrunn-apotheke.at\/katalog\/wp-json\/wp\/v2\/types\/product"}],"wp:featuredmedia":[{"embeddable":true,"href":"https:\/\/www.ernstbrunn-apotheke.at\/katalog\/wp-json\/wp\/v2\/media\/160729"}],"wp:attachment":[{"href":"https:\/\/www.ernstbrunn-apotheke.at\/katalog\/wp-json\/wp\/v2\/media?parent=160727"}],"wp:term":[{"taxonomy":"product_brand","embeddable":true,"href":"https:\/\/www.ernstbrunn-apotheke.at\/katalog\/wp-json\/wp\/v2\/product_brand?post=160727"},{"taxonomy":"product_cat","embeddable":true,"href":"https:\/\/www.ernstbrunn-apotheke.at\/katalog\/wp-json\/wp\/v2\/product_cat?post=160727"},{"taxonomy":"product_tag","embeddable":true,"href":"https:\/\/www.ernstbrunn-apotheke.at\/katalog\/wp-json\/wp\/v2\/product_tag?post=160727"}],"curies":[{"name":"wp","href":"https:\/\/api.w.org\/{rel}","templated":true}]}}