{"id":160594,"date":"2025-11-17T20:18:47","date_gmt":"2025-11-17T19:18:47","guid":{"rendered":"https:\/\/www.ernstbrunn-apotheke.at\/katalog\/produkt\/st-severin-yamswurzel-tropfen\/"},"modified":"2025-12-09T11:45:17","modified_gmt":"2025-12-09T10:45:17","slug":"st-severin-yamswurzel-tropfen","status":"publish","type":"product","link":"https:\/\/www.ernstbrunn-apotheke.at\/katalog\/produkt\/st-severin-yamswurzel-tropfen\/","title":{"rendered":"St. Severin Yamswurzel Tropfen"},"content":{"rendered":"<p>Produktbeschreibung: Bei Bedarf 2 &#8211; 3 x 1 &#8211; 2 Spr\u00fchst\u00f6\u00dfe direkt in den Mund spr\u00fchen. Die Yamswurzel geh\u00f6rt zu einer Pflanzenfamilie mit ca. 800 Arten. Sie ist ein belieb es Nahrungsmittel, welches vom Geschmack der S\u00fc\u00dfkartoffel sehr \u00e4hnlich ist. Der hier verwendete Wilde Yams, Dioscorea villosa, ist in Nordamerika beheimatet und enth\u00e4lt besonders viel von Inhaltsstoff Diosgenin. Diosgenin wird in der modernen Pharmaindustrie im Labor als Ausgangsstoff f\u00fcr die Herstellung von halbsynthetischen Sexualhormonen wie Progesteron, Glukokortikoiden und oralen Verh\u00fctungsmitteln verwendet. Auch im menschlichen K\u00f6rper wird Diosgenin umgewandelt. Bereits von den amerikanischen Ureinwohnern wurde Yams als \u201eFrauenpflanze\u201c verwendet, da sie f\u00fcr Frauen jeglicher Altersstufen verschiedene positive Effekte zeigt.<\/p>\n<p>Zusammensetzung:100 % w\u00e4ssrig\/alkoholischer Auszug aus Yamswurzel . Alkoholgehalt: 66 % Vol<\/p>\n","protected":false},"excerpt":{"rendered":"<p>Produktbeschreibung: Bei Bedarf 2 &#8211; 3 x 1 &#8211; 2 Spr\u00fchst\u00f6\u00dfe direkt in den Mund spr\u00fchen. Die Yamswurzel geh\u00f6rt zu einer Pflanzenfamilie mit ca. 800 Arten. Sie ist ein belieb es Nahrungsmittel, welches vom Geschmack der S\u00fc\u00dfkartoffel sehr \u00e4hnlich ist. Der hier verwendete Wilde Yams, Dioscorea villosa, ist in Nordamerika beheimatet und enth\u00e4lt besonders viel [&hellip;]<\/p>\n","protected":false},"featured_media":160596,"template":"","meta":{"_acf_changed":false},"product_brand":[435],"product_cat":[791],"product_tag":[],"class_list":{"0":"post-160594","1":"product","2":"type-product","3":"status-publish","4":"has-post-thumbnail","6":"product_brand-st-severin","7":"product_cat-s","8":"pa_packungsgroesse-100ml","10":"first","11":"instock","12":"shipping-taxable","13":"purchasable","14":"product-type-simple"},"acf":[],"_links":{"self":[{"href":"https:\/\/www.ernstbrunn-apotheke.at\/katalog\/wp-json\/wp\/v2\/product\/160594","targetHints":{"allow":["GET"]}}],"collection":[{"href":"https:\/\/www.ernstbrunn-apotheke.at\/katalog\/wp-json\/wp\/v2\/product"}],"about":[{"href":"https:\/\/www.ernstbrunn-apotheke.at\/katalog\/wp-json\/wp\/v2\/types\/product"}],"wp:featuredmedia":[{"embeddable":true,"href":"https:\/\/www.ernstbrunn-apotheke.at\/katalog\/wp-json\/wp\/v2\/media\/160596"}],"wp:attachment":[{"href":"https:\/\/www.ernstbrunn-apotheke.at\/katalog\/wp-json\/wp\/v2\/media?parent=160594"}],"wp:term":[{"taxonomy":"product_brand","embeddable":true,"href":"https:\/\/www.ernstbrunn-apotheke.at\/katalog\/wp-json\/wp\/v2\/product_brand?post=160594"},{"taxonomy":"product_cat","embeddable":true,"href":"https:\/\/www.ernstbrunn-apotheke.at\/katalog\/wp-json\/wp\/v2\/product_cat?post=160594"},{"taxonomy":"product_tag","embeddable":true,"href":"https:\/\/www.ernstbrunn-apotheke.at\/katalog\/wp-json\/wp\/v2\/product_tag?post=160594"}],"curies":[{"name":"wp","href":"https:\/\/api.w.org\/{rel}","templated":true}]}}