{"id":160380,"date":"2025-11-17T20:14:11","date_gmt":"2025-11-17T19:14:11","guid":{"rendered":"https:\/\/www.ernstbrunn-apotheke.at\/katalog\/produkt\/gall-pharma-vitamin-k2-100mcg-kapseln-360-stk\/"},"modified":"2025-12-09T11:44:27","modified_gmt":"2025-12-09T10:44:27","slug":"gall-pharma-vitamin-k2-100mcg-kapseln-360-stk","status":"publish","type":"product","link":"https:\/\/www.ernstbrunn-apotheke.at\/katalog\/produkt\/gall-pharma-vitamin-k2-100mcg-kapseln-360-stk\/","title":{"rendered":"Gall Pharma Vitamin K2 100mcg Kapseln 360 Stk."},"content":{"rendered":"<p>Vitamin K2 100 \u00b5g GPH Kapseln erg\u00e4nzen bei erh\u00f6hter Blutungsneigung auf Grund eines Vitamin K Mangels, bei Osteoporose oder zum Erhalt einer gesunden Knochendichte die Ern\u00e4hrung sinnvoll. Vitamin K ist daran beteiligt die Blutgerinnungsfaktoren in ihre aktive Form \u00fcberzuf\u00fchren und hat eine positive Wirkung auf den Erhalt normaler Knochen.<\/p>\n","protected":false},"excerpt":{"rendered":"<p>Vitamin K2 100 \u00b5g GPH Kapseln erg\u00e4nzen bei erh\u00f6hter Blutungsneigung auf Grund eines Vitamin K Mangels, bei Osteoporose oder zum Erhalt einer gesunden Knochendichte die Ern\u00e4hrung sinnvoll. Vitamin K ist daran beteiligt die Blutgerinnungsfaktoren in ihre aktive Form \u00fcberzuf\u00fchren und hat eine positive Wirkung auf den Erhalt normaler Knochen.<\/p>\n","protected":false},"featured_media":0,"template":"","meta":{"_acf_changed":false},"product_brand":[],"product_cat":[810],"product_tag":[],"class_list":{"0":"post-160380","1":"product","2":"type-product","3":"status-publish","5":"product_cat-g","6":"pa_packungsgroesse-360-stueck","8":"first","9":"instock","10":"shipping-taxable","11":"purchasable","12":"product-type-simple"},"acf":[],"_links":{"self":[{"href":"https:\/\/www.ernstbrunn-apotheke.at\/katalog\/wp-json\/wp\/v2\/product\/160380","targetHints":{"allow":["GET"]}}],"collection":[{"href":"https:\/\/www.ernstbrunn-apotheke.at\/katalog\/wp-json\/wp\/v2\/product"}],"about":[{"href":"https:\/\/www.ernstbrunn-apotheke.at\/katalog\/wp-json\/wp\/v2\/types\/product"}],"wp:attachment":[{"href":"https:\/\/www.ernstbrunn-apotheke.at\/katalog\/wp-json\/wp\/v2\/media?parent=160380"}],"wp:term":[{"taxonomy":"product_brand","embeddable":true,"href":"https:\/\/www.ernstbrunn-apotheke.at\/katalog\/wp-json\/wp\/v2\/product_brand?post=160380"},{"taxonomy":"product_cat","embeddable":true,"href":"https:\/\/www.ernstbrunn-apotheke.at\/katalog\/wp-json\/wp\/v2\/product_cat?post=160380"},{"taxonomy":"product_tag","embeddable":true,"href":"https:\/\/www.ernstbrunn-apotheke.at\/katalog\/wp-json\/wp\/v2\/product_tag?post=160380"}],"curies":[{"name":"wp","href":"https:\/\/api.w.org\/{rel}","templated":true}]}}