{"id":16034,"date":"2025-11-07T18:17:42","date_gmt":"2025-11-07T17:17:42","guid":{"rendered":"https:\/\/www.ernstbrunn-apotheke.at\/katalog\/produkt\/the-nutri-store-reishi-ling-zhi-300-mg-kapseln-200-stk\/"},"modified":"2025-12-08T13:53:47","modified_gmt":"2025-12-08T12:53:47","slug":"the-nutri-store-reishi-ling-zhi-300-mg-kapseln-200-stk","status":"publish","type":"product","link":"https:\/\/www.ernstbrunn-apotheke.at\/katalog\/produkt\/the-nutri-store-reishi-ling-zhi-300-mg-kapseln-200-stk\/","title":{"rendered":"The Nutri Store Reishi Ling Zhi 300 mg Kapseln 200 Stk."},"content":{"rendered":"<p>The Nutri Store Reishi Ling Zhi 300 mg Kapseln enthalten 300 mg hochwertigen Ganoderma lucidum-Extrakt mit einem Gehalt von mindestens 30 % Polysacchariden sowie wertvolles Vitamin C. Vitamin C tr\u00e4gt zu einer normalen Funktion des Immunsystems bei. Vitamin C tr\u00e4gt auch dazu bei, die Zellen vor oxidativen Stress zu sch\u00fctzen. Vitamin C tr\u00e4gt zudem zur Verringerung von M\u00fcdigkeit und Erm\u00fcdung bei. Bereits wenige Kapseln t\u00e4glich leisten einen wesentlichen Beitrag zur gesunden Ern\u00e4hrung. Der Rohstoff zur Herstellung der Kapselh\u00fclle wird aus pflanzlicher Cellulose gewonnen und ist gelatinefrei.<\/p>\n","protected":false},"excerpt":{"rendered":"<p>The Nutri Store Reishi Ling Zhi 300 mg Kapseln enthalten 300 mg hochwertigen Ganoderma lucidum-Extrakt mit einem Gehalt von mindestens 30 % Polysacchariden sowie wertvolles Vitamin C. Vitamin C tr\u00e4gt zu einer normalen Funktion des Immunsystems bei. Vitamin C tr\u00e4gt auch dazu bei, die Zellen vor oxidativen Stress zu sch\u00fctzen. Vitamin C tr\u00e4gt zudem zur [&hellip;]<\/p>\n","protected":false},"featured_media":16036,"template":"","meta":{"_acf_changed":false},"product_brand":[],"product_cat":[798],"product_tag":[],"class_list":{"0":"post-16034","1":"product","2":"type-product","3":"status-publish","4":"has-post-thumbnail","6":"product_cat-t","7":"pa_packungsgroesse-200-stueck","9":"first","10":"instock","11":"shipping-taxable","12":"purchasable","13":"product-type-simple"},"acf":[],"_links":{"self":[{"href":"https:\/\/www.ernstbrunn-apotheke.at\/katalog\/wp-json\/wp\/v2\/product\/16034","targetHints":{"allow":["GET"]}}],"collection":[{"href":"https:\/\/www.ernstbrunn-apotheke.at\/katalog\/wp-json\/wp\/v2\/product"}],"about":[{"href":"https:\/\/www.ernstbrunn-apotheke.at\/katalog\/wp-json\/wp\/v2\/types\/product"}],"wp:featuredmedia":[{"embeddable":true,"href":"https:\/\/www.ernstbrunn-apotheke.at\/katalog\/wp-json\/wp\/v2\/media\/16036"}],"wp:attachment":[{"href":"https:\/\/www.ernstbrunn-apotheke.at\/katalog\/wp-json\/wp\/v2\/media?parent=16034"}],"wp:term":[{"taxonomy":"product_brand","embeddable":true,"href":"https:\/\/www.ernstbrunn-apotheke.at\/katalog\/wp-json\/wp\/v2\/product_brand?post=16034"},{"taxonomy":"product_cat","embeddable":true,"href":"https:\/\/www.ernstbrunn-apotheke.at\/katalog\/wp-json\/wp\/v2\/product_cat?post=16034"},{"taxonomy":"product_tag","embeddable":true,"href":"https:\/\/www.ernstbrunn-apotheke.at\/katalog\/wp-json\/wp\/v2\/product_tag?post=16034"}],"curies":[{"name":"wp","href":"https:\/\/api.w.org\/{rel}","templated":true}]}}