{"id":160196,"date":"2025-11-17T20:10:23","date_gmt":"2025-11-17T19:10:23","guid":{"rendered":"https:\/\/www.ernstbrunn-apotheke.at\/katalog\/produkt\/supradyn-immun-kids-co-toffees\/"},"modified":"2025-12-09T11:43:45","modified_gmt":"2025-12-09T10:43:45","slug":"supradyn-immun-kids-co-toffees","status":"publish","type":"product","link":"https:\/\/www.ernstbrunn-apotheke.at\/katalog\/produkt\/supradyn-immun-kids-co-toffees\/","title":{"rendered":"Supradyn IMMUN Kids &#038; Co Toffees"},"content":{"rendered":"<p><strong>Supradyn\u00ae IMMUN Kids&#038;Co Toffees:\u00a0<\/strong><\/p>\n<ul>\n<li>Mit 9 Vitaminen + Zink + Eisen\u00a0<\/li>\n<li>Unterst\u00fctzen das Immunsystem\u00a0<\/li>\n<li>Helfen bei M\u00fcdigkeit und Ersch\u00f6pfung auch w\u00e4hrend und nach einer Krankheit\/Erk\u00e4ltung.\u00a0<\/li>\n<li>Mit fruchtigem Orange-Sanddorn-Geschmack\u00a0<\/li>\n<li>F\u00fcr Erwachsene und Kinder ab 4 Jahren geeignet<\/li>\n<\/ul>\n<p>Gerade in der kalten Jahreszeit ist unser Immunsystem durch wechselnde Temperaturen, beruflichen oder privaten Stress sowie dem Klima in geschlossenen R\u00e4umen rund um die Uhr gefordert. Eine ausreichende Zufuhr an <strong>Mikron\u00e4hrstoffen<\/strong> hilft, unsere Immunabwehr in dieser Zeit positiv zu unterst\u00fctzen.<\/p>\n<p>Supradyn\u00ae IMMUN wurde speziell zur Unterst\u00fctzung der Abwehrkr\u00e4fte entwickelt und bietet Produkte f\u00fcr die ganze Familie: Brausetabletten f\u00fcr Erwachsene sowie fruchtige Toffees und Gummies, die Gro\u00df und Klein schmecken und schon f\u00fcr Kinder ab 4 Jahren geeignet sind.<\/p>\n<p><strong>Empfohlene t\u00e4gliche Verzehrmenge:<\/strong><\/p>\n<ul>\n<li>Kinder 4-13 Jahre: 2-3 Toffees pro Tag<\/li>\n<li>Jugendliche 14-18 Jahre: 3-4 Toffees pro Tag<\/li>\n<li>Erwachsene: 4 Toffees pro Tag<\/li>\n<\/ul>\n<p>Die empfohlene Tagesdosis nicht \u00fcberschreiten.<\/p>\n<table border=\"0\" cellpadding=\"0\" cellspacing=\"0\" width=\"480\">\n<tbody>\n<tr>\n<td class=\"xl70\" colspan=\"6\" height=\"26\" style=\"text-align: center;\" width=\"100%\"><strong>Inhaltstoffe \u00a0 \u00a0 \u00a0 \u00a0 \u00a0 \u00a0 \u00a0 \u00a0 <\/strong><\/td>\n<\/tr>\n<tr>\n<td class=\"xl73\" height=\"131\" rowspan=\"3\" style=\"text-align: center;\" width=\"16.666666666666668%\"><\/td>\n<td class=\"xl64\" style=\"text-align: center;\" width=\"16.666666666666668%\">2<\/td>\n<td class=\"xl64\" style=\"text-align: center;\" width=\"16.666666666666668%\">4<\/td>\n<td class=\"xl73\" rowspan=\"3\" style=\"text-align: center;\" width=\"16.666666666666668%\"><\/td>\n<td class=\"xl64\" style=\"text-align: center;\" width=\"16.666666666666668%\">2<\/td>\n<td class=\"xl64\" style=\"text-align: center;\" width=\"16.666666666666668%\">4<\/td>\n<\/tr>\n<tr>\n<td class=\"xl65\" height=\"78\" style=\"text-align: center;\" width=\"25%\">Toffees %NRV*<\/td>\n<td class=\"xl65\" style=\"text-align: center;\" width=\"25%\">Toffees %NRV*<\/td>\n<td class=\"xl65\" style=\"text-align: center;\" width=\"25%\">Toffees %NRV*<\/td>\n<td class=\"xl65\" style=\"text-align: center;\" width=\"25%\">Toffees\u00a0<\/td>\n<\/tr>\n<tr>\n<td class=\"xl66\" height=\"27\" style=\"text-align: center;\" width=\"25%\"><\/td>\n<td class=\"xl66\" style=\"text-align: center;\" width=\"25%\"><\/td>\n<td class=\"xl66\" style=\"text-align: center;\" width=\"25%\"><\/td>\n<td class=\"xl66\" style=\"text-align: center;\" width=\"25%\">%NRV*<\/td>\n<\/tr>\n<tr>\n<td class=\"xl77\" colspan=\"3\" height=\"28\" style=\"text-align: center;\" width=\"50%\">Vitamine<\/td>\n<td class=\"xl80\" colspan=\"3\" style=\"text-align: center;\" width=\"50%\">Vitamine<\/td>\n<\/tr>\n<tr>\n<td class=\"xl63\" height=\"101\" style=\"text-align: center;\" width=\"16.666666666666668%\">Vitamin A in Form von<\/td>\n<td class=\"xl63\" style=\"text-align: center;\" width=\"16.666666666666668%\">200\u00a0\u00b5g\u00a0(25%)<\/td>\n<td class=\"xl63\" style=\"text-align: center;\" width=\"16.666666666666668%\">400\u00a0\u00b5g\u00a0(50%)<\/td>\n<td class=\"xl63\" style=\"text-align: center;\" width=\"16.666666666666668%\">Vitamin\u00a0D<\/td>\n<td class=\"xl63\" style=\"text-align: center;\" width=\"16.666666666666668%\">4,0\u00a0\u00b5g\u00a0(80%)<\/td>\n<td class=\"xl63\" style=\"text-align: center;\" width=\"16.666666666666668%\">8,0\u00a0\u00b5g\u00a0(160%)<\/td>\n<\/tr>\n<tr>\n<td class=\"xl63\" height=\"51\" style=\"text-align: center;\" width=\"16.666666666666668%\">Beta-Carotin<\/td>\n<td class=\"xl63\" style=\"text-align: center;\" width=\"16.666666666666668%\">1,2 mg (kA)<\/td>\n<td class=\"xl63\" style=\"text-align: center;\" width=\"16.666666666666668%\">2,4 mg (kA)<\/td>\n<td class=\"xl63\" style=\"text-align: center;\" width=\"16.666666666666668%\"><\/td>\n<td class=\"xl63\" style=\"text-align: center;\" width=\"16.666666666666668%\"><\/td>\n<td class=\"xl63\" style=\"text-align: center;\" width=\"16.666666666666668%\"><\/td>\n<\/tr>\n<tr>\n<td class=\"xl67\" height=\"52\" style=\"text-align: center;\" width=\"16.666666666666668%\">Vitamin C<\/td>\n<td class=\"xl68\" style=\"text-align: center;\" width=\"16.666666666666668%\">50\u00a0mg\u00a0(63%)<\/td>\n<td class=\"xl68\" style=\"text-align: center;\" width=\"16.666666666666668%\">100\u00a0mg\u00a0(125%)<\/td>\n<td class=\"xl63\" style=\"text-align: center;\" width=\"16.666666666666668%\">Vitamin E<\/td>\n<td class=\"xl63\" style=\"text-align: center;\" width=\"16.666666666666668%\">6,0\u00a0mg\u00a0(50%)<\/td>\n<td class=\"xl63\" style=\"text-align: center;\" width=\"16.666666666666668%\">12\u00a0mg\u00a0(100%)<\/td>\n<\/tr>\n<tr>\n<td class=\"xl67\" height=\"77\" style=\"text-align: center;\" width=\"16.666666666666668%\">Vitamin B1\u00a0(Thiamin)<\/td>\n<td class=\"xl68\" style=\"text-align: center;\" width=\"16.666666666666668%\">0,6\u00a0mg\u00a0(55%)<\/td>\n<td class=\"xl63\" style=\"text-align: center;\" width=\"16.666666666666668%\">1,2\u00a0mg\u00a0(109%)<\/td>\n<td class=\"xl68\" style=\"text-align: center;\" width=\"16.666666666666668%\">Niacin<\/td>\n<td class=\"xl68\" style=\"text-align: center;\" width=\"16.666666666666668%\">9,0\u00a0mg\u00a0(56%)<\/td>\n<td class=\"xl69\" style=\"text-align: center;\" width=\"16.666666666666668%\">18\u00a0mg\u00a0(113%)<\/td>\n<\/tr>\n<tr>\n<td class=\"xl67\" height=\"77\" style=\"text-align: center;\" width=\"16.666666666666668%\">Vitamin B2\u00a0(Riboflavin)<\/td>\n<td class=\"xl68\" style=\"text-align: center;\" width=\"16.666666666666668%\">0,7\u00a0mg\u00a0(50%)<\/td>\n<td class=\"xl68\" style=\"text-align: center;\" width=\"16.666666666666668%\">1,4\u00a0mg\u00a0(100%)<\/td>\n<td class=\"xl83\" colspan=\"3\" style=\"text-align: center;\" width=\"50%\">Mineralstoffe<\/td>\n<\/tr>\n<tr>\n<td class=\"xl67\" height=\"52\" style=\"text-align: center;\" width=\"16.666666666666668%\">Vitamin B6<\/td>\n<td class=\"xl68\" style=\"text-align: center;\" width=\"16.666666666666668%\">0,8\u00a0mg\u00a0(57%)<\/td>\n<td class=\"xl68\" style=\"text-align: center;\" width=\"16.666666666666668%\">1,6\u00a0mg\u00a0(114%)<\/td>\n<td class=\"xl68\" style=\"text-align: center;\" width=\"16.666666666666668%\">Eisen<\/td>\n<td class=\"xl68\" style=\"text-align: center;\" width=\"16.666666666666668%\">3,0\u00a0mg\u00a0(21%)<\/td>\n<td class=\"xl69\" style=\"text-align: center;\" width=\"16.666666666666668%\">6,0\u00a0mg\u00a0(43%)<\/td>\n<\/tr>\n<tr>\n<td class=\"xl67\" height=\"52\" style=\"text-align: center;\" width=\"16.666666666666668%\">Vitamin B12<\/td>\n<td class=\"xl68\" style=\"text-align: center;\" width=\"16.666666666666668%\">1,5\u00a0\u00b5g\u00a0(60%)<\/td>\n<td class=\"xl68\" style=\"text-align: center;\" width=\"16.666666666666668%\">3,0\u00a0\u00b5g\u00a0(120%)<\/td>\n<td class=\"xl68\" style=\"text-align: center;\" width=\"16.666666666666668%\">Zink<\/td>\n<td class=\"xl68\" style=\"text-align: center;\" width=\"16.666666666666668%\">3,2\u00a0mg\u00a0(32%)<\/td>\n<td class=\"xl69\" style=\"text-align: center;\" width=\"16.666666666666668%\">6,4 mg (64%)<\/td>\n<\/tr>\n<\/tbody>\n<\/table>\n","protected":false},"excerpt":{"rendered":"<p>Supradyn\u00ae IMMUN Kids&#038;Co Toffees:\u00a0 Mit 9 Vitaminen + Zink + Eisen\u00a0 Unterst\u00fctzen das Immunsystem\u00a0 Helfen bei M\u00fcdigkeit und Ersch\u00f6pfung auch w\u00e4hrend und nach einer Krankheit\/Erk\u00e4ltung.\u00a0 Mit fruchtigem Orange-Sanddorn-Geschmack\u00a0 F\u00fcr Erwachsene und Kinder ab 4 Jahren geeignet Gerade in der kalten Jahreszeit ist unser Immunsystem durch wechselnde Temperaturen, beruflichen oder privaten Stress sowie dem Klima in [&hellip;]<\/p>\n","protected":false},"featured_media":160198,"template":"","meta":{"_acf_changed":false},"product_brand":[460],"product_cat":[791],"product_tag":[],"class_list":{"0":"post-160196","1":"product","2":"type-product","3":"status-publish","4":"has-post-thumbnail","6":"product_brand-supradyn","7":"product_cat-s","8":"pa_packungsgroesse-60-stueck","10":"first","11":"instock","12":"shipping-taxable","13":"purchasable","14":"product-type-simple"},"acf":[],"_links":{"self":[{"href":"https:\/\/www.ernstbrunn-apotheke.at\/katalog\/wp-json\/wp\/v2\/product\/160196","targetHints":{"allow":["GET"]}}],"collection":[{"href":"https:\/\/www.ernstbrunn-apotheke.at\/katalog\/wp-json\/wp\/v2\/product"}],"about":[{"href":"https:\/\/www.ernstbrunn-apotheke.at\/katalog\/wp-json\/wp\/v2\/types\/product"}],"wp:featuredmedia":[{"embeddable":true,"href":"https:\/\/www.ernstbrunn-apotheke.at\/katalog\/wp-json\/wp\/v2\/media\/160198"}],"wp:attachment":[{"href":"https:\/\/www.ernstbrunn-apotheke.at\/katalog\/wp-json\/wp\/v2\/media?parent=160196"}],"wp:term":[{"taxonomy":"product_brand","embeddable":true,"href":"https:\/\/www.ernstbrunn-apotheke.at\/katalog\/wp-json\/wp\/v2\/product_brand?post=160196"},{"taxonomy":"product_cat","embeddable":true,"href":"https:\/\/www.ernstbrunn-apotheke.at\/katalog\/wp-json\/wp\/v2\/product_cat?post=160196"},{"taxonomy":"product_tag","embeddable":true,"href":"https:\/\/www.ernstbrunn-apotheke.at\/katalog\/wp-json\/wp\/v2\/product_tag?post=160196"}],"curies":[{"name":"wp","href":"https:\/\/api.w.org\/{rel}","templated":true}]}}